{"id":1151,"date":"2020-06-25T09:36:24","date_gmt":"2020-06-25T07:36:24","guid":{"rendered":"https:\/\/khhd.preview.tammen.de\/?page_id=1151"},"modified":"2026-02-01T10:39:14","modified_gmt":"2026-02-01T09:39:14","slug":"arrangements","status":"publish","type":"page","link":"https:\/\/koetterhof.de\/de\/arrangements\/","title":{"rendered":"Arrangements"},"content":{"rendered":"\t\t<div data-elementor-type=\"wp-page\" data-elementor-id=\"1151\" class=\"elementor elementor-1151\" data-elementor-post-type=\"page\">\n\t\t\t\t\t\t<section class=\"elementor-section elementor-top-section elementor-element elementor-element-702b979 elementor-section-height-min-height elementor-section-boxed elementor-section-height-default elementor-section-items-middle\" data-id=\"702b979\" data-element_type=\"section\" data-e-type=\"section\" data-settings=\"{&quot;background_background&quot;:&quot;classic&quot;}\">\n\t\t\t\t\t\t<div class=\"elementor-container elementor-column-gap-default\">\n\t\t\t\t\t<div class=\"elementor-column elementor-col-100 elementor-top-column elementor-element elementor-element-651ac03\" data-id=\"651ac03\" data-element_type=\"column\" data-e-type=\"column\">\n\t\t\t<div class=\"elementor-widget-wrap\">\n\t\t\t\t\t\t\t<\/div>\n\t\t<\/div>\n\t\t\t\t\t<\/div>\n\t\t<\/section>\n\t\t\t\t<section class=\"elementor-section elementor-top-section elementor-element elementor-element-326d687 elementor-section-boxed elementor-section-height-default elementor-section-height-default\" data-id=\"326d687\" data-element_type=\"section\" data-e-type=\"section\">\n\t\t\t\t\t\t<div class=\"elementor-container elementor-column-gap-default\">\n\t\t\t\t\t<div class=\"elementor-column elementor-col-100 elementor-top-column elementor-element elementor-element-b9fa77a\" data-id=\"b9fa77a\" data-element_type=\"column\" data-e-type=\"column\">\n\t\t\t<div class=\"elementor-widget-wrap elementor-element-populated\">\n\t\t\t\t\t\t<div class=\"elementor-element elementor-element-c2e8cdc elementor-widget elementor-widget-spacer\" data-id=\"c2e8cdc\" data-element_type=\"widget\" data-e-type=\"widget\" data-widget_type=\"spacer.default\">\n\t\t\t\t<div class=\"elementor-widget-container\">\n\t\t\t\t\t\t\t<div class=\"elementor-spacer\">\n\t\t\t<div class=\"elementor-spacer-inner\"><\/div>\n\t\t<\/div>\n\t\t\t\t\t\t<\/div>\n\t\t\t\t<\/div>\n\t\t\t\t<div class=\"elementor-element elementor-element-59bfda6 elementor-widget elementor-widget-heading\" data-id=\"59bfda6\" data-element_type=\"widget\" data-e-type=\"widget\" data-widget_type=\"heading.default\">\n\t\t\t\t<div class=\"elementor-widget-container\">\n\t\t\t\t\t<h1 class=\"elementor-heading-title elementor-size-default\">Arrangements<\/h1>\t\t\t\t<\/div>\n\t\t\t\t<\/div>\n\t\t\t\t<div class=\"elementor-element elementor-element-0e97a84 elementor-widget elementor-widget-image\" data-id=\"0e97a84\" data-element_type=\"widget\" data-e-type=\"widget\" data-widget_type=\"image.default\">\n\t\t\t\t<div class=\"elementor-widget-container\">\n\t\t\t\t\t\t\t\t\t\t\t\t\t\t\t<img decoding=\"async\" src=\"https:\/\/koetterhof.de\/wp-content\/uploads\/2020\/05\/strich_rot.svg\" class=\"attachment-full size-full wp-image-53\" alt=\"\" \/>\t\t\t\t\t\t\t\t\t\t\t\t\t\t\t<\/div>\n\t\t\t\t<\/div>\n\t\t\t\t<div class=\"elementor-element elementor-element-ceb64be elementor-widget elementor-widget-text-editor\" data-id=\"ceb64be\" data-element_type=\"widget\" data-e-type=\"widget\" data-widget_type=\"text-editor.default\">\n\t\t\t\t<div class=\"elementor-widget-container\">\n\t\t\t\t\t\t\t\t\t<p style=\"text-align: center;\"><strong>Unsere Tenne:<\/strong><\/p><p>Im Rahmen von kleineren Feiern oder Seminaren, k\u00f6nnen Sie die Tenne entweder in Kombination von Zimmerbuchungen nutzen oder unabh\u00e4ngig davon als Seminarraum \u00fcber den Tag.<\/p><p>Als kleinere Seminargruppe bietet es sich an unser Hotel als Ganzes zu buchen, dann k\u00f6nnen Sie alle 8 Kammern nutzen und haben die Tenne ganz f\u00fcr sich.<\/p><p>Zu Konditionen und Terminen sprechen Sie uns gerne an.<\/p><p><a href=\"https:\/\/koetterhof.de\/wp-content\/uploads\/2026\/02\/flyer_tagungsraum_koetterhof.pdf\" target=\"_blank\" rel=\"noopener\">Den Flyer zu unserem Tagungsangebot finden Sie hier.<\/a><\/p>\t\t\t\t\t\t\t\t<\/div>\n\t\t\t\t<\/div>\n\t\t\t\t<div class=\"elementor-element elementor-element-ad351a2 elementor-widget elementor-widget-image\" data-id=\"ad351a2\" data-element_type=\"widget\" data-e-type=\"widget\" data-widget_type=\"image.default\">\n\t\t\t\t<div class=\"elementor-widget-container\">\n\t\t\t\t\t\t\t\t\t\t\t\t\t\t\t<img fetchpriority=\"high\" decoding=\"async\" width=\"800\" height=\"534\" src=\"https:\/\/koetterhof.de\/wp-content\/uploads\/2025\/05\/Tenne_1_web-1024x683.jpg\" class=\"attachment-large size-large wp-image-2837\" alt=\"\" srcset=\"https:\/\/koetterhof.de\/wp-content\/uploads\/2025\/05\/Tenne_1_web-1024x683.jpg 1024w, https:\/\/koetterhof.de\/wp-content\/uploads\/2025\/05\/Tenne_1_web-300x200.jpg 300w, https:\/\/koetterhof.de\/wp-content\/uploads\/2025\/05\/Tenne_1_web-150x100.jpg 150w, https:\/\/koetterhof.de\/wp-content\/uploads\/2025\/05\/Tenne_1_web-768x512.jpg 768w, https:\/\/koetterhof.de\/wp-content\/uploads\/2025\/05\/Tenne_1_web.jpg 1417w\" sizes=\"(max-width: 800px) 100vw, 800px\" \/>\t\t\t\t\t\t\t\t\t\t\t\t\t\t\t<\/div>\n\t\t\t\t<\/div>\n\t\t\t\t\t<\/div>\n\t\t<\/div>\n\t\t\t\t\t<\/div>\n\t\t<\/section>\n\t\t\t\t<section class=\"elementor-section elementor-top-section elementor-element elementor-element-f1637fb elementor-section-boxed elementor-section-height-default elementor-section-height-default\" data-id=\"f1637fb\" data-element_type=\"section\" data-e-type=\"section\">\n\t\t\t\t\t\t<div class=\"elementor-container elementor-column-gap-default\">\n\t\t\t\t\t<div class=\"elementor-column elementor-col-100 elementor-top-column elementor-element elementor-element-cd79e09\" data-id=\"cd79e09\" data-element_type=\"column\" data-e-type=\"column\">\n\t\t\t<div class=\"elementor-widget-wrap elementor-element-populated\">\n\t\t\t\t\t\t<div class=\"elementor-element elementor-element-42bad2f elementor-grid-1 elementor-grid-tablet-1 elementor-posts--thumbnail-top elementor-grid-mobile-1 elementor-widget elementor-widget-posts\" data-id=\"42bad2f\" data-element_type=\"widget\" data-e-type=\"widget\" data-settings=\"{&quot;custom_columns&quot;:&quot;1&quot;,&quot;custom_columns_tablet&quot;:&quot;1&quot;,&quot;custom_columns_mobile&quot;:&quot;1&quot;,&quot;custom_row_gap&quot;:{&quot;unit&quot;:&quot;px&quot;,&quot;size&quot;:35,&quot;sizes&quot;:[]},&quot;custom_row_gap_tablet&quot;:{&quot;unit&quot;:&quot;px&quot;,&quot;size&quot;:&quot;&quot;,&quot;sizes&quot;:[]},&quot;custom_row_gap_mobile&quot;:{&quot;unit&quot;:&quot;px&quot;,&quot;size&quot;:&quot;&quot;,&quot;sizes&quot;:[]}}\" data-widget_type=\"posts.custom\">\n\t\t\t\t<div class=\"elementor-widget-container\">\n\t\t\t\t\t      <div class=\"ecs-posts elementor-posts-container elementor-posts   elementor-grid elementor-posts--skin-custom\" data-settings=\"{&quot;current_page&quot;:1,&quot;max_num_pages&quot;:0,&quot;load_method&quot;:&quot;&quot;,&quot;widget_id&quot;:&quot;42bad2f&quot;,&quot;post_id&quot;:1151,&quot;theme_id&quot;:1151,&quot;change_url&quot;:false,&quot;reinit_js&quot;:false}\">\n      <div class=\"elementor-posts-nothing-found\"><\/div>\t\t<\/div>\n\t\t\t\t\t\t<\/div>\n\t\t\t\t<\/div>\n\t\t\t\t\t<\/div>\n\t\t<\/div>\n\t\t\t\t\t<\/div>\n\t\t<\/section>\n\t\t\t\t<\/div>\n\t\t","protected":false},"excerpt":{"rendered":"<p>Unsere Tenne: Im Rahmen von kleineren Feiern oder Seminaren, k\u00f6nnen Sie die Tenne entweder in Kombination von Zimmerbuchungen nutzen oder unabh\u00e4ngig davon als Seminarraum \u00fcber den Tag. Als kleinere Seminargruppe bietet es sich an unser Hotel als Ganzes zu buchen, dann k\u00f6nnen Sie alle 8 Kammern nutzen und haben die Tenne ganz f\u00fcr sich. Zu [&hellip;]<\/p>\n","protected":false},"author":1,"featured_media":0,"parent":0,"menu_order":5,"comment_status":"closed","ping_status":"closed","template":"elementor_header_footer","meta":{"_acf_changed":false,"footnotes":""},"class_list":["post-1151","page","type-page","status-publish","hentry"],"acf":[],"_links":{"self":[{"href":"https:\/\/koetterhof.de\/de\/wp-json\/wp\/v2\/pages\/1151","targetHints":{"allow":["GET"]}}],"collection":[{"href":"https:\/\/koetterhof.de\/de\/wp-json\/wp\/v2\/pages"}],"about":[{"href":"https:\/\/koetterhof.de\/de\/wp-json\/wp\/v2\/types\/page"}],"author":[{"embeddable":true,"href":"https:\/\/koetterhof.de\/de\/wp-json\/wp\/v2\/users\/1"}],"replies":[{"embeddable":true,"href":"https:\/\/koetterhof.de\/de\/wp-json\/wp\/v2\/comments?post=1151"}],"version-history":[{"count":15,"href":"https:\/\/koetterhof.de\/de\/wp-json\/wp\/v2\/pages\/1151\/revisions"}],"predecessor-version":[{"id":3002,"href":"https:\/\/koetterhof.de\/de\/wp-json\/wp\/v2\/pages\/1151\/revisions\/3002"}],"wp:attachment":[{"href":"https:\/\/koetterhof.de\/de\/wp-json\/wp\/v2\/media?parent=1151"}],"curies":[{"name":"wp","href":"https:\/\/api.w.org\/{rel}","templated":true}]}}