{"id":1208,"date":"2020-06-25T15:07:29","date_gmt":"2020-06-25T13:07:29","guid":{"rendered":"https:\/\/khhd.preview.tammen.de\/?page_id=1208"},"modified":"2020-10-05T13:38:25","modified_gmt":"2020-10-05T11:38:25","slug":"bewertungen","status":"publish","type":"page","link":"https:\/\/koetterhof.de\/de\/bewertungen\/","title":{"rendered":"Bewertungen"},"content":{"rendered":"\t\t<div data-elementor-type=\"wp-page\" data-elementor-id=\"1208\" class=\"elementor elementor-1208\" data-elementor-post-type=\"page\">\n\t\t\t\t\t\t<section class=\"elementor-section elementor-top-section elementor-element elementor-element-6a83507 elementor-section-height-min-height elementor-section-boxed elementor-section-height-default elementor-section-items-middle\" data-id=\"6a83507\" data-element_type=\"section\" data-e-type=\"section\" data-settings=\"{&quot;background_background&quot;:&quot;classic&quot;}\">\n\t\t\t\t\t\t<div class=\"elementor-container elementor-column-gap-default\">\n\t\t\t\t\t<div class=\"elementor-column elementor-col-100 elementor-top-column elementor-element elementor-element-75fce6d\" data-id=\"75fce6d\" data-element_type=\"column\" data-e-type=\"column\">\n\t\t\t<div class=\"elementor-widget-wrap\">\n\t\t\t\t\t\t\t<\/div>\n\t\t<\/div>\n\t\t\t\t\t<\/div>\n\t\t<\/section>\n\t\t\t\t<section class=\"elementor-section elementor-top-section elementor-element elementor-element-8387957 elementor-section-boxed elementor-section-height-default elementor-section-height-default\" data-id=\"8387957\" data-element_type=\"section\" data-e-type=\"section\">\n\t\t\t\t\t\t<div class=\"elementor-container elementor-column-gap-default\">\n\t\t\t\t\t<div class=\"elementor-column elementor-col-100 elementor-top-column elementor-element elementor-element-ae3d825\" data-id=\"ae3d825\" data-element_type=\"column\" data-e-type=\"column\">\n\t\t\t<div class=\"elementor-widget-wrap elementor-element-populated\">\n\t\t\t\t\t\t<div class=\"elementor-element elementor-element-ebab025 elementor-widget elementor-widget-spacer\" data-id=\"ebab025\" data-element_type=\"widget\" data-e-type=\"widget\" data-widget_type=\"spacer.default\">\n\t\t\t\t<div class=\"elementor-widget-container\">\n\t\t\t\t\t\t\t<div class=\"elementor-spacer\">\n\t\t\t<div class=\"elementor-spacer-inner\"><\/div>\n\t\t<\/div>\n\t\t\t\t\t\t<\/div>\n\t\t\t\t<\/div>\n\t\t\t\t<div class=\"elementor-element elementor-element-ea22085 elementor-widget elementor-widget-heading\" data-id=\"ea22085\" data-element_type=\"widget\" data-e-type=\"widget\" data-widget_type=\"heading.default\">\n\t\t\t\t<div class=\"elementor-widget-container\">\n\t\t\t\t\t<h1 class=\"elementor-heading-title elementor-size-default\">Bewertungen<\/h1>\t\t\t\t<\/div>\n\t\t\t\t<\/div>\n\t\t\t\t<div class=\"elementor-element elementor-element-a3db91c elementor-widget elementor-widget-image\" data-id=\"a3db91c\" data-element_type=\"widget\" data-e-type=\"widget\" data-widget_type=\"image.default\">\n\t\t\t\t<div class=\"elementor-widget-container\">\n\t\t\t\t\t\t\t\t\t\t\t\t\t\t\t<img decoding=\"async\" src=\"https:\/\/koetterhof.de\/wp-content\/uploads\/2020\/05\/strich_rot.svg\" class=\"attachment-full size-full wp-image-53\" alt=\"\" \/>\t\t\t\t\t\t\t\t\t\t\t\t\t\t\t<\/div>\n\t\t\t\t<\/div>\n\t\t\t\t<div class=\"elementor-element elementor-element-b2ec92c elementor-widget elementor-widget-text-editor\" data-id=\"b2ec92c\" data-element_type=\"widget\" data-e-type=\"widget\" data-widget_type=\"text-editor.default\">\n\t\t\t\t<div class=\"elementor-widget-container\">\n\t\t\t\t\t\t\t\t\t<p>Sie haben Lob oder Kritik oder m\u00f6chten einfach wissen, <br \/>wie unseren G\u00e4sten der Aufenthalt gefallen hat?<\/p><p>Dann klicken Sie bitte hier!<br \/>Und nat\u00fcrlich freuen wir uns auch \u00fcber Ihre Bewertung.<\/p><p><a href=\"https:\/\/www.google.com\/maps\/place\/K\u00f6tterhof+Hotel\/@51.3995504,7.4321908,19z\/data=!3m1!4b1!4m8!3m7!1s0x47b923260556cc61:0xeee0cf04a863de6d!5m2!4m1!1i2!8m2!3d51.4009209!4d7.4341542\" target=\"_blank\" rel=\"noopener\"><strong>Google Bewertungen<\/strong><\/a><\/p><p><a href=\"https:\/\/de-de.facebook.com\/pg\/KoetterhofHotel\/reviews\/?ref=page_internal\" target=\"_blank\" rel=\"noopener\"><strong>Facebook Bewertungen<\/strong><\/a><\/p>\t\t\t\t\t\t\t\t<\/div>\n\t\t\t\t<\/div>\n\t\t\t\t\t<\/div>\n\t\t<\/div>\n\t\t\t\t\t<\/div>\n\t\t<\/section>\n\t\t\t\t<\/div>\n\t\t","protected":false},"excerpt":{"rendered":"<p>Sie haben Lob oder Kritik oder m\u00f6chten einfach wissen, wie unseren G\u00e4sten der Aufenthalt gefallen hat? Dann klicken Sie bitte hier!Und nat\u00fcrlich freuen wir uns auch \u00fcber Ihre Bewertung. Google Bewertungen Facebook Bewertungen<\/p>\n","protected":false},"author":1,"featured_media":0,"parent":0,"menu_order":4,"comment_status":"closed","ping_status":"closed","template":"elementor_header_footer","meta":{"_acf_changed":false,"footnotes":""},"class_list":["post-1208","page","type-page","status-publish","hentry"],"acf":[],"_links":{"self":[{"href":"https:\/\/koetterhof.de\/de\/wp-json\/wp\/v2\/pages\/1208","targetHints":{"allow":["GET"]}}],"collection":[{"href":"https:\/\/koetterhof.de\/de\/wp-json\/wp\/v2\/pages"}],"about":[{"href":"https:\/\/koetterhof.de\/de\/wp-json\/wp\/v2\/types\/page"}],"author":[{"embeddable":true,"href":"https:\/\/koetterhof.de\/de\/wp-json\/wp\/v2\/users\/1"}],"replies":[{"embeddable":true,"href":"https:\/\/koetterhof.de\/de\/wp-json\/wp\/v2\/comments?post=1208"}],"version-history":[{"count":0,"href":"https:\/\/koetterhof.de\/de\/wp-json\/wp\/v2\/pages\/1208\/revisions"}],"wp:attachment":[{"href":"https:\/\/koetterhof.de\/de\/wp-json\/wp\/v2\/media?parent=1208"}],"curies":[{"name":"wp","href":"https:\/\/api.w.org\/{rel}","templated":true}]}}