{"id":498,"date":"2020-06-11T12:55:01","date_gmt":"2020-06-11T10:55:01","guid":{"rendered":"https:\/\/khhd.preview.tammen.de\/?page_id=498"},"modified":"2025-05-20T18:16:11","modified_gmt":"2025-05-20T16:16:11","slug":"herdecke","status":"publish","type":"page","link":"https:\/\/koetterhof.de\/de\/herdecke\/","title":{"rendered":"Herdecke"},"content":{"rendered":"\t\t<div data-elementor-type=\"wp-page\" data-elementor-id=\"498\" class=\"elementor elementor-498\" data-elementor-post-type=\"page\">\n\t\t\t\t\t\t<section class=\"elementor-section elementor-top-section elementor-element elementor-element-6ec90f3 elementor-section-height-min-height elementor-section-boxed elementor-section-height-default elementor-section-items-middle\" data-id=\"6ec90f3\" data-element_type=\"section\" data-e-type=\"section\" data-settings=\"{&quot;background_background&quot;:&quot;classic&quot;}\">\n\t\t\t\t\t\t<div class=\"elementor-container elementor-column-gap-default\">\n\t\t\t\t\t<div class=\"elementor-column elementor-col-100 elementor-top-column elementor-element elementor-element-eb427ee\" data-id=\"eb427ee\" data-element_type=\"column\" data-e-type=\"column\">\n\t\t\t<div class=\"elementor-widget-wrap\">\n\t\t\t\t\t\t\t<\/div>\n\t\t<\/div>\n\t\t\t\t\t<\/div>\n\t\t<\/section>\n\t\t\t\t<section class=\"elementor-section elementor-top-section elementor-element elementor-element-bd56238 elementor-section-boxed elementor-section-height-default elementor-section-height-default\" data-id=\"bd56238\" data-element_type=\"section\" data-e-type=\"section\">\n\t\t\t\t\t\t<div class=\"elementor-container elementor-column-gap-default\">\n\t\t\t\t\t<div class=\"elementor-column elementor-col-100 elementor-top-column elementor-element elementor-element-35cf3ae\" data-id=\"35cf3ae\" data-element_type=\"column\" data-e-type=\"column\">\n\t\t\t<div class=\"elementor-widget-wrap elementor-element-populated\">\n\t\t\t\t\t\t<div class=\"elementor-element elementor-element-95be673 elementor-widget elementor-widget-heading\" data-id=\"95be673\" data-element_type=\"widget\" data-e-type=\"widget\" data-widget_type=\"heading.default\">\n\t\t\t\t<div class=\"elementor-widget-container\">\n\t\t\t\t\t<h1 class=\"elementor-heading-title elementor-size-default\">Herdecke<\/h1>\t\t\t\t<\/div>\n\t\t\t\t<\/div>\n\t\t\t\t<div class=\"elementor-element elementor-element-72179f6 elementor-widget elementor-widget-image\" data-id=\"72179f6\" data-element_type=\"widget\" data-e-type=\"widget\" data-widget_type=\"image.default\">\n\t\t\t\t<div class=\"elementor-widget-container\">\n\t\t\t\t\t\t\t\t\t\t\t\t\t\t\t<img decoding=\"async\" src=\"https:\/\/koetterhof.de\/wp-content\/uploads\/2020\/05\/strich_rot.svg\" class=\"attachment-full size-full wp-image-53\" alt=\"\" \/>\t\t\t\t\t\t\t\t\t\t\t\t\t\t\t<\/div>\n\t\t\t\t<\/div>\n\t\t\t\t<div class=\"elementor-element elementor-element-08c4aa4 elementor-widget elementor-widget-text-editor\" data-id=\"08c4aa4\" data-element_type=\"widget\" data-e-type=\"widget\" data-widget_type=\"text-editor.default\">\n\t\t\t\t<div class=\"elementor-widget-container\">\n\t\t\t\t\t\t\t\t\t<p>Herdecke liegt an der Ruhr im n\u00f6rdlichen Ennepe-Ruhr-Kreis in Nordrhein-Westfalen.<\/p><p>Herdecke ist die \u00bbStadt zwischen den Ruhrseen\u00ab, zwischen dem Hengsteysee und dem Harkortsee.<\/p><p>Herausragende Elemente des Stadtbildes sind das \u201eBachviertel\u201c als historische Altstadt<\/p><p>mit seinen vielen Fachwerkh\u00e4usern und der tal\u00fcberspannende, gut 30 m hohe Ruhr-Viadukt.<\/p><p>Und wer wissen will, was gerade so los ist in Herdecke, der findet aktuelle Informationen auf den Internetseiten der Stadt.<\/p><p><a href=\"http:\/\/www.herdecke.de\/\">www.herdecke.de<\/a><\/p><p><strong><u>Herdecke entdecken<br \/><\/u><\/strong>Altstadtbummel und Kennenlernen der Geschichte der Stadt Herdecke, entweder selbstst\u00e4ndig mit Karte vom HeimatVerein (Karte f\u00fcr 2,50 \u20ac erh\u00e4ltlich) oder als gef\u00fchrte Tour. <br \/>Mehr \u00fcber den Altstadtbummel k\u00f6nnen Sie auf der <a href=\"http:\/\/www.heimatverein-herdecke.de\/seite\/176976\/altstadtbummel.html\">Website vom Heimatverein<\/a> erfahren.<\/p><p>Unser Standort bietet sich als Ausgangspunkt f\u00fcr viele weitere sch\u00f6ne Wanderwege an:<\/p><p>&#8211; Rundwanderweg H4 zwischen Harkortsee und Hengsteysee<br \/>&#8211; Ruhrtalwanderung nach Hohensyburg<br \/>&#8211; Wanderung \u00fcber das Wasserschloss Werdringen mit Museum<\/p><p>Weitere Ideen finden Sie z.B. bei <a href=\"https:\/\/www.komoot.com\/de-de\/guide\/193716\/wandern-rund-um-den-harkortsee\">Komoot<\/a>.<\/p><p><strong>Wochenmarkt<br \/><\/strong>Jeden Donnerstag findet in der Fu\u00dfg\u00e4ngerzone zwischen 8:00 Uhr und 14:00 Uhr der Wochenmarkt statt. Die Fu\u00dfg\u00e4ngerzone ist in nur 2 Minuten Fu\u00dfl\u00e4ufig vom Hotel aus zu erreichen.<\/p><p><strong>Restaurants<br \/><\/strong>Nudel- Manufaktur und Events bei <strong><a href=\"https:\/\/www.pasta-passion.de\/pasta-passion-pane\/\">Pasta Passion<\/a><\/strong><br \/>Fr \/ Sa 11:00 \u2013 21:00<\/p><p>Fish &amp; Chips oder Events bei <strong><a href=\"https:\/\/the-shakespeare.pub\/\">The Shakespeare Pub<\/a><\/strong><br \/>Mo \u2013 So 17:00 \u2013 23:00<\/p><p>Tapas, Burger &amp; Gem\u00fcse bei der <strong><a href=\"https:\/\/liebbar.com\/pages\/neu\">LiebBar<\/a><\/strong><br \/>Do \u2013 So 18:00 \u2013 23:00<\/p><p>Pizza und Nudeln bei <strong><a href=\"https:\/\/il-cortile.com\/\">IL Cortile<\/a><\/strong><br \/>Mo \u2013 Sa 17:30 \u2013 22:30<\/p><p>Traditionelle K\u00fcche im <strong><a href=\"https:\/\/wirts-haus-pfingsten.de\/\">Wirts-Haus Pfingsten<\/a><\/strong><br \/>Mo 12:00 bis 15:00 Uhr &amp; 17:00 bis 22:00 Uhr<br \/>Do 11:30 bis 15:00 Uhr &amp; 17:00 bis 22:00 Uhr<br \/>Fr\/Sa 12:00 bis 15:00 Uhr &amp; 17:00 bis 22:00 Uhr<br \/>So 12:00 bis 21:00 Uhr<br \/>(Di &amp; Mi Ruhetag)<\/p><p>Weine und Events bei <strong><a href=\"https:\/\/www.vinosymas.de\/events\">Vinosymas<\/a><\/strong><br \/>Mo \u2013 Fr 11:00 \u2013 19:00<\/p>\t\t\t\t\t\t\t\t<\/div>\n\t\t\t\t<\/div>\n\t\t\t\t\t<\/div>\n\t\t<\/div>\n\t\t\t\t\t<\/div>\n\t\t<\/section>\n\t\t\t\t<section class=\"elementor-section elementor-top-section elementor-element elementor-element-0623d0f elementor-section-boxed elementor-section-height-default elementor-section-height-default\" data-id=\"0623d0f\" data-element_type=\"section\" data-e-type=\"section\">\n\t\t\t\t\t\t<div class=\"elementor-container elementor-column-gap-default\">\n\t\t\t\t\t<div class=\"elementor-column elementor-col-100 elementor-top-column elementor-element elementor-element-7c2029c\" data-id=\"7c2029c\" data-element_type=\"column\" data-e-type=\"column\">\n\t\t\t<div class=\"elementor-widget-wrap elementor-element-populated\">\n\t\t\t\t\t\t<div class=\"elementor-element elementor-element-eb92d41 elementor-skin-slideshow elementor-arrows-yes elementor-widget elementor-widget-media-carousel\" data-id=\"eb92d41\" data-element_type=\"widget\" data-e-type=\"widget\" data-settings=\"{&quot;skin&quot;:&quot;slideshow&quot;,&quot;effect&quot;:&quot;slide&quot;,&quot;show_arrows&quot;:&quot;yes&quot;,&quot;speed&quot;:500,&quot;autoplay&quot;:&quot;yes&quot;,&quot;autoplay_speed&quot;:5000,&quot;loop&quot;:&quot;yes&quot;,&quot;pause_on_hover&quot;:&quot;yes&quot;,&quot;pause_on_interaction&quot;:&quot;yes&quot;,&quot;space_between&quot;:{&quot;unit&quot;:&quot;px&quot;,&quot;size&quot;:10,&quot;sizes&quot;:[]},&quot;space_between_tablet&quot;:{&quot;unit&quot;:&quot;px&quot;,&quot;size&quot;:10,&quot;sizes&quot;:[]},&quot;space_between_mobile&quot;:{&quot;unit&quot;:&quot;px&quot;,&quot;size&quot;:10,&quot;sizes&quot;:[]}}\" data-widget_type=\"media-carousel.default\">\n\t\t\t\t<div class=\"elementor-widget-container\">\n\t\t\t\t\t\t\t\t\t<div class=\"elementor-swiper\">\n\t\t\t\t\t<div class=\"elementor-main-swiper swiper\" role=\"region\" aria-roledescription=\"carousel\" aria-label=\"Slider\">\n\t\t\t\t<div class=\"swiper-wrapper\">\n\t\t\t\t\t\t\t\t\t\t\t<div class=\"swiper-slide\" role=\"group\" aria-roledescription=\"slide\">\n\t\t\t\t\t\t\t\t\t<div class=\"elementor-carousel-image\" role=\"img\" aria-label=\"galerie_herdecke_koetterhof_2020_01-01\" style=\"background-image: url(&#039;https:\/\/koetterhof.de\/wp-content\/uploads\/2020\/05\/galerie_herdecke_koetterhof_2020_01-01.jpg&#039;)\">\n\n\t\t\t\n\t\t\t\t\t<\/div>\n\t\t\t\t\t\t\t\t<\/div>\n\t\t\t\t\t\t\t\t\t\t\t<div class=\"swiper-slide\" role=\"group\" aria-roledescription=\"slide\">\n\t\t\t\t\t\t\t\t\t<div class=\"elementor-carousel-image\" role=\"img\" aria-label=\"galerie_herdecke_koetterhof_2020_01-02\" style=\"background-image: url(&#039;https:\/\/koetterhof.de\/wp-content\/uploads\/2020\/05\/galerie_herdecke_koetterhof_2020_01-02.jpg&#039;)\">\n\n\t\t\t\n\t\t\t\t\t<\/div>\n\t\t\t\t\t\t\t\t<\/div>\n\t\t\t\t\t\t\t\t\t\t\t<div class=\"swiper-slide\" role=\"group\" aria-roledescription=\"slide\">\n\t\t\t\t\t\t\t\t\t<div class=\"elementor-carousel-image\" role=\"img\" aria-label=\"galerie_herdecke_koetterhof_2020_01-03\" style=\"background-image: url(&#039;https:\/\/koetterhof.de\/wp-content\/uploads\/2020\/05\/galerie_herdecke_koetterhof_2020_01-03.jpg&#039;)\">\n\n\t\t\t\n\t\t\t\t\t<\/div>\n\t\t\t\t\t\t\t\t<\/div>\n\t\t\t\t\t\t\t\t\t\t\t<div class=\"swiper-slide\" role=\"group\" aria-roledescription=\"slide\">\n\t\t\t\t\t\t\t\t\t<div class=\"elementor-carousel-image\" role=\"img\" aria-label=\"galerie_herdecke_koetterhof_2020_01-04\" style=\"background-image: url(&#039;https:\/\/koetterhof.de\/wp-content\/uploads\/2020\/05\/galerie_herdecke_koetterhof_2020_01-04.jpg&#039;)\">\n\n\t\t\t\n\t\t\t\t\t<\/div>\n\t\t\t\t\t\t\t\t<\/div>\n\t\t\t\t\t\t\t\t\t\t\t<div class=\"swiper-slide\" role=\"group\" aria-roledescription=\"slide\">\n\t\t\t\t\t\t\t\t\t<div class=\"elementor-carousel-image\" role=\"img\" aria-label=\"galerie_herdecke_koetterhof_2020_01-06\" style=\"background-image: url(&#039;https:\/\/koetterhof.de\/wp-content\/uploads\/2020\/05\/galerie_herdecke_koetterhof_2020_01-06.jpg&#039;)\">\n\n\t\t\t\n\t\t\t\t\t<\/div>\n\t\t\t\t\t\t\t\t<\/div>\n\t\t\t\t\t\t\t\t\t\t\t<div class=\"swiper-slide\" role=\"group\" aria-roledescription=\"slide\">\n\t\t\t\t\t\t\t\t\t<div class=\"elementor-carousel-image\" role=\"img\" aria-label=\"galerie_herdecke_koetterhof_2020_01-09\" style=\"background-image: url(&#039;https:\/\/koetterhof.de\/wp-content\/uploads\/2020\/05\/galerie_herdecke_koetterhof_2020_01-09.jpg&#039;)\">\n\n\t\t\t\n\t\t\t\t\t<\/div>\n\t\t\t\t\t\t\t\t<\/div>\n\t\t\t\t\t\t\t\t\t\t\t<div class=\"swiper-slide\" role=\"group\" aria-roledescription=\"slide\">\n\t\t\t\t\t\t\t\t\t<div class=\"elementor-carousel-image\" role=\"img\" aria-label=\"galerie_herdecke_koetterhof_2020_01-11\" style=\"background-image: url(&#039;https:\/\/koetterhof.de\/wp-content\/uploads\/2020\/05\/galerie_herdecke_koetterhof_2020_01-11.jpg&#039;)\">\n\n\t\t\t\n\t\t\t\t\t<\/div>\n\t\t\t\t\t\t\t\t<\/div>\n\t\t\t\t\t\t\t\t\t\t\t<div class=\"swiper-slide\" role=\"group\" aria-roledescription=\"slide\">\n\t\t\t\t\t\t\t\t\t<div class=\"elementor-carousel-image\" role=\"img\" aria-label=\"galerie_herdecke_koetterhof_2020_01-12\" style=\"background-image: url(&#039;https:\/\/koetterhof.de\/wp-content\/uploads\/2020\/05\/galerie_herdecke_koetterhof_2020_01-12.jpg&#039;)\">\n\n\t\t\t\n\t\t\t\t\t<\/div>\n\t\t\t\t\t\t\t\t<\/div>\n\t\t\t\t\t\t\t\t\t\t\t<div class=\"swiper-slide\" role=\"group\" aria-roledescription=\"slide\">\n\t\t\t\t\t\t\t\t\t<div class=\"elementor-carousel-image\" role=\"img\" aria-label=\"galerie_herdecke_koetterhof_2020_01-13\" style=\"background-image: url(&#039;https:\/\/koetterhof.de\/wp-content\/uploads\/2020\/05\/galerie_herdecke_koetterhof_2020_01-13.jpg&#039;)\">\n\n\t\t\t\n\t\t\t\t\t<\/div>\n\t\t\t\t\t\t\t\t<\/div>\n\t\t\t\t\t\t\t\t\t\t\t<div class=\"swiper-slide\" role=\"group\" aria-roledescription=\"slide\">\n\t\t\t\t\t\t\t\t\t<div class=\"elementor-carousel-image\" role=\"img\" aria-label=\"galerie_herdecke_koetterhof_2020_01-14\" style=\"background-image: url(&#039;https:\/\/koetterhof.de\/wp-content\/uploads\/2020\/05\/galerie_herdecke_koetterhof_2020_01-14.jpg&#039;)\">\n\n\t\t\t\n\t\t\t\t\t<\/div>\n\t\t\t\t\t\t\t\t<\/div>\n\t\t\t\t\t\t\t\t\t\t\t<div class=\"swiper-slide\" role=\"group\" aria-roledescription=\"slide\">\n\t\t\t\t\t\t\t\t\t<div class=\"elementor-carousel-image\" role=\"img\" aria-label=\"galerie_herdecke_koetterhof_2020_01-15\" style=\"background-image: url(&#039;https:\/\/koetterhof.de\/wp-content\/uploads\/2020\/05\/galerie_herdecke_koetterhof_2020_01-15.jpg&#039;)\">\n\n\t\t\t\n\t\t\t\t\t<\/div>\n\t\t\t\t\t\t\t\t<\/div>\n\t\t\t\t\t\t\t\t\t\t\t<div class=\"swiper-slide\" role=\"group\" aria-roledescription=\"slide\">\n\t\t\t\t\t\t\t\t\t<div class=\"elementor-carousel-image\" role=\"img\" aria-label=\"galerie_herdecke_koetterhof_2020_01-16\" style=\"background-image: url(&#039;https:\/\/koetterhof.de\/wp-content\/uploads\/2020\/05\/galerie_herdecke_koetterhof_2020_01-16.jpg&#039;)\">\n\n\t\t\t\n\t\t\t\t\t<\/div>\n\t\t\t\t\t\t\t\t<\/div>\n\t\t\t\t\t\t\t\t\t\t\t<div class=\"swiper-slide\" role=\"group\" aria-roledescription=\"slide\">\n\t\t\t\t\t\t\t\t\t<div class=\"elementor-carousel-image\" role=\"img\" aria-label=\"galerie_herdecke_koetterhof_2020_01-17\" style=\"background-image: url(&#039;https:\/\/koetterhof.de\/wp-content\/uploads\/2020\/05\/galerie_herdecke_koetterhof_2020_01-17.jpg&#039;)\">\n\n\t\t\t\n\t\t\t\t\t<\/div>\n\t\t\t\t\t\t\t\t<\/div>\n\t\t\t\t\t\t\t\t\t\t\t<div class=\"swiper-slide\" role=\"group\" aria-roledescription=\"slide\">\n\t\t\t\t\t\t\t\t\t<div class=\"elementor-carousel-image\" role=\"img\" aria-label=\"galerie_herdecke_koetterhof_2020_01-18\" style=\"background-image: url(&#039;https:\/\/koetterhof.de\/wp-content\/uploads\/2020\/05\/galerie_herdecke_koetterhof_2020_01-18.jpg&#039;)\">\n\n\t\t\t\n\t\t\t\t\t<\/div>\n\t\t\t\t\t\t\t\t<\/div>\n\t\t\t\t\t\t\t\t\t\t\t<div class=\"swiper-slide\" role=\"group\" aria-roledescription=\"slide\">\n\t\t\t\t\t\t\t\t\t<div class=\"elementor-carousel-image\" role=\"img\" aria-label=\"galerie_herdecke_koetterhof_2020_01-19\" style=\"background-image: url(&#039;https:\/\/koetterhof.de\/wp-content\/uploads\/2020\/05\/galerie_herdecke_koetterhof_2020_01-19.jpg&#039;)\">\n\n\t\t\t\n\t\t\t\t\t<\/div>\n\t\t\t\t\t\t\t\t<\/div>\n\t\t\t\t\t\t\t\t\t\t\t<div class=\"swiper-slide\" role=\"group\" aria-roledescription=\"slide\">\n\t\t\t\t\t\t\t\t\t<div class=\"elementor-carousel-image\" role=\"img\" aria-label=\"galerie_herdecke_koetterhof_2020_01-20\" style=\"background-image: url(&#039;https:\/\/koetterhof.de\/wp-content\/uploads\/2020\/05\/galerie_herdecke_koetterhof_2020_01-20.jpg&#039;)\">\n\n\t\t\t\n\t\t\t\t\t<\/div>\n\t\t\t\t\t\t\t\t<\/div>\n\t\t\t\t\t\t\t\t\t\t\t<div class=\"swiper-slide\" role=\"group\" aria-roledescription=\"slide\">\n\t\t\t\t\t\t\t\t\t<div class=\"elementor-carousel-image\" role=\"img\" aria-label=\"galerie_herdecke_koetterhof_2020_01-21\" style=\"background-image: url(&#039;https:\/\/koetterhof.de\/wp-content\/uploads\/2020\/05\/galerie_herdecke_koetterhof_2020_01-21.jpg&#039;)\">\n\n\t\t\t\n\t\t\t\t\t<\/div>\n\t\t\t\t\t\t\t\t<\/div>\n\t\t\t\t\t\t\t\t\t\t\t<div class=\"swiper-slide\" role=\"group\" aria-roledescription=\"slide\">\n\t\t\t\t\t\t\t\t\t<div class=\"elementor-carousel-image\" role=\"img\" aria-label=\"galerie_herdecke_koetterhof_2020_01-23\" style=\"background-image: url(&#039;https:\/\/koetterhof.de\/wp-content\/uploads\/2020\/05\/galerie_herdecke_koetterhof_2020_01-23.jpg&#039;)\">\n\n\t\t\t\n\t\t\t\t\t<\/div>\n\t\t\t\t\t\t\t\t<\/div>\n\t\t\t\t\t\t\t\t\t<\/div>\n\t\t\t\t\t\t\t\t\t\t\t\t\t\t\t<div class=\"elementor-swiper-button elementor-swiper-button-prev\" role=\"button\" tabindex=\"0\" aria-label=\"Voriger\">\n\t\t\t\t\t\t\t<i aria-hidden=\"true\" class=\"eicon-chevron-left\"><\/i>\t\t\t\t\t\t<\/div>\n\t\t\t\t\t\t<div class=\"elementor-swiper-button elementor-swiper-button-next\" role=\"button\" tabindex=\"0\" aria-label=\"N\u00e4chster\">\n\t\t\t\t\t\t\t<i aria-hidden=\"true\" class=\"eicon-chevron-right\"><\/i>\t\t\t\t\t\t<\/div>\n\t\t\t\t\t\t\t\t\t\t\t\t\t\t\t\t\t<\/div>\n\t\t\t\t<\/div>\n\t\t\t\t\t\t\t\t<div class=\"elementor-swiper\">\n\t\t\t\t\t<div class=\"elementor-main-swiper swiper elementor-thumbnails-swiper swiper\" role=\"region region\" aria-roledescription=\"carousel carousel\" aria-label=\"Slider Slider\">\n\t\t\t\t<div class=\"swiper-wrapper\">\n\t\t\t\t\t\t\t\t\t\t\t<div class=\"swiper-slide\" role=\"group\" aria-roledescription=\"slide\">\n\t\t\t\t\t\t\t\t\t<div class=\"elementor-carousel-image\" role=\"img\" aria-label=\"galerie_herdecke_koetterhof_2020_01-01\" style=\"background-image: url(&#039;https:\/\/koetterhof.de\/wp-content\/uploads\/2020\/05\/galerie_herdecke_koetterhof_2020_01-01.jpg&#039;)\">\n\n\t\t\t\n\t\t\t\t\t<\/div>\n\t\t\t\t\t\t\t\t<\/div>\n\t\t\t\t\t\t\t\t\t\t\t<div class=\"swiper-slide\" role=\"group\" aria-roledescription=\"slide\">\n\t\t\t\t\t\t\t\t\t<div class=\"elementor-carousel-image\" role=\"img\" aria-label=\"galerie_herdecke_koetterhof_2020_01-02\" style=\"background-image: url(&#039;https:\/\/koetterhof.de\/wp-content\/uploads\/2020\/05\/galerie_herdecke_koetterhof_2020_01-02.jpg&#039;)\">\n\n\t\t\t\n\t\t\t\t\t<\/div>\n\t\t\t\t\t\t\t\t<\/div>\n\t\t\t\t\t\t\t\t\t\t\t<div class=\"swiper-slide\" role=\"group\" aria-roledescription=\"slide\">\n\t\t\t\t\t\t\t\t\t<div class=\"elementor-carousel-image\" role=\"img\" aria-label=\"galerie_herdecke_koetterhof_2020_01-03\" style=\"background-image: url(&#039;https:\/\/koetterhof.de\/wp-content\/uploads\/2020\/05\/galerie_herdecke_koetterhof_2020_01-03.jpg&#039;)\">\n\n\t\t\t\n\t\t\t\t\t<\/div>\n\t\t\t\t\t\t\t\t<\/div>\n\t\t\t\t\t\t\t\t\t\t\t<div class=\"swiper-slide\" role=\"group\" aria-roledescription=\"slide\">\n\t\t\t\t\t\t\t\t\t<div class=\"elementor-carousel-image\" role=\"img\" aria-label=\"galerie_herdecke_koetterhof_2020_01-04\" style=\"background-image: url(&#039;https:\/\/koetterhof.de\/wp-content\/uploads\/2020\/05\/galerie_herdecke_koetterhof_2020_01-04.jpg&#039;)\">\n\n\t\t\t\n\t\t\t\t\t<\/div>\n\t\t\t\t\t\t\t\t<\/div>\n\t\t\t\t\t\t\t\t\t\t\t<div class=\"swiper-slide\" role=\"group\" aria-roledescription=\"slide\">\n\t\t\t\t\t\t\t\t\t<div class=\"elementor-carousel-image\" role=\"img\" aria-label=\"galerie_herdecke_koetterhof_2020_01-06\" style=\"background-image: url(&#039;https:\/\/koetterhof.de\/wp-content\/uploads\/2020\/05\/galerie_herdecke_koetterhof_2020_01-06.jpg&#039;)\">\n\n\t\t\t\n\t\t\t\t\t<\/div>\n\t\t\t\t\t\t\t\t<\/div>\n\t\t\t\t\t\t\t\t\t\t\t<div class=\"swiper-slide\" role=\"group\" aria-roledescription=\"slide\">\n\t\t\t\t\t\t\t\t\t<div class=\"elementor-carousel-image\" role=\"img\" aria-label=\"galerie_herdecke_koetterhof_2020_01-09\" style=\"background-image: url(&#039;https:\/\/koetterhof.de\/wp-content\/uploads\/2020\/05\/galerie_herdecke_koetterhof_2020_01-09.jpg&#039;)\">\n\n\t\t\t\n\t\t\t\t\t<\/div>\n\t\t\t\t\t\t\t\t<\/div>\n\t\t\t\t\t\t\t\t\t\t\t<div class=\"swiper-slide\" role=\"group\" aria-roledescription=\"slide\">\n\t\t\t\t\t\t\t\t\t<div class=\"elementor-carousel-image\" role=\"img\" aria-label=\"galerie_herdecke_koetterhof_2020_01-11\" style=\"background-image: url(&#039;https:\/\/koetterhof.de\/wp-content\/uploads\/2020\/05\/galerie_herdecke_koetterhof_2020_01-11.jpg&#039;)\">\n\n\t\t\t\n\t\t\t\t\t<\/div>\n\t\t\t\t\t\t\t\t<\/div>\n\t\t\t\t\t\t\t\t\t\t\t<div class=\"swiper-slide\" role=\"group\" aria-roledescription=\"slide\">\n\t\t\t\t\t\t\t\t\t<div class=\"elementor-carousel-image\" role=\"img\" aria-label=\"galerie_herdecke_koetterhof_2020_01-12\" style=\"background-image: url(&#039;https:\/\/koetterhof.de\/wp-content\/uploads\/2020\/05\/galerie_herdecke_koetterhof_2020_01-12.jpg&#039;)\">\n\n\t\t\t\n\t\t\t\t\t<\/div>\n\t\t\t\t\t\t\t\t<\/div>\n\t\t\t\t\t\t\t\t\t\t\t<div class=\"swiper-slide\" role=\"group\" aria-roledescription=\"slide\">\n\t\t\t\t\t\t\t\t\t<div class=\"elementor-carousel-image\" role=\"img\" aria-label=\"galerie_herdecke_koetterhof_2020_01-13\" style=\"background-image: url(&#039;https:\/\/koetterhof.de\/wp-content\/uploads\/2020\/05\/galerie_herdecke_koetterhof_2020_01-13.jpg&#039;)\">\n\n\t\t\t\n\t\t\t\t\t<\/div>\n\t\t\t\t\t\t\t\t<\/div>\n\t\t\t\t\t\t\t\t\t\t\t<div class=\"swiper-slide\" role=\"group\" aria-roledescription=\"slide\">\n\t\t\t\t\t\t\t\t\t<div class=\"elementor-carousel-image\" role=\"img\" aria-label=\"galerie_herdecke_koetterhof_2020_01-14\" style=\"background-image: url(&#039;https:\/\/koetterhof.de\/wp-content\/uploads\/2020\/05\/galerie_herdecke_koetterhof_2020_01-14.jpg&#039;)\">\n\n\t\t\t\n\t\t\t\t\t<\/div>\n\t\t\t\t\t\t\t\t<\/div>\n\t\t\t\t\t\t\t\t\t\t\t<div class=\"swiper-slide\" role=\"group\" aria-roledescription=\"slide\">\n\t\t\t\t\t\t\t\t\t<div class=\"elementor-carousel-image\" role=\"img\" aria-label=\"galerie_herdecke_koetterhof_2020_01-15\" style=\"background-image: url(&#039;https:\/\/koetterhof.de\/wp-content\/uploads\/2020\/05\/galerie_herdecke_koetterhof_2020_01-15.jpg&#039;)\">\n\n\t\t\t\n\t\t\t\t\t<\/div>\n\t\t\t\t\t\t\t\t<\/div>\n\t\t\t\t\t\t\t\t\t\t\t<div class=\"swiper-slide\" role=\"group\" aria-roledescription=\"slide\">\n\t\t\t\t\t\t\t\t\t<div class=\"elementor-carousel-image\" role=\"img\" aria-label=\"galerie_herdecke_koetterhof_2020_01-16\" style=\"background-image: url(&#039;https:\/\/koetterhof.de\/wp-content\/uploads\/2020\/05\/galerie_herdecke_koetterhof_2020_01-16.jpg&#039;)\">\n\n\t\t\t\n\t\t\t\t\t<\/div>\n\t\t\t\t\t\t\t\t<\/div>\n\t\t\t\t\t\t\t\t\t\t\t<div class=\"swiper-slide\" role=\"group\" aria-roledescription=\"slide\">\n\t\t\t\t\t\t\t\t\t<div class=\"elementor-carousel-image\" role=\"img\" aria-label=\"galerie_herdecke_koetterhof_2020_01-17\" style=\"background-image: url(&#039;https:\/\/koetterhof.de\/wp-content\/uploads\/2020\/05\/galerie_herdecke_koetterhof_2020_01-17.jpg&#039;)\">\n\n\t\t\t\n\t\t\t\t\t<\/div>\n\t\t\t\t\t\t\t\t<\/div>\n\t\t\t\t\t\t\t\t\t\t\t<div class=\"swiper-slide\" role=\"group\" aria-roledescription=\"slide\">\n\t\t\t\t\t\t\t\t\t<div class=\"elementor-carousel-image\" role=\"img\" aria-label=\"galerie_herdecke_koetterhof_2020_01-18\" style=\"background-image: url(&#039;https:\/\/koetterhof.de\/wp-content\/uploads\/2020\/05\/galerie_herdecke_koetterhof_2020_01-18.jpg&#039;)\">\n\n\t\t\t\n\t\t\t\t\t<\/div>\n\t\t\t\t\t\t\t\t<\/div>\n\t\t\t\t\t\t\t\t\t\t\t<div class=\"swiper-slide\" role=\"group\" aria-roledescription=\"slide\">\n\t\t\t\t\t\t\t\t\t<div class=\"elementor-carousel-image\" role=\"img\" aria-label=\"galerie_herdecke_koetterhof_2020_01-19\" style=\"background-image: url(&#039;https:\/\/koetterhof.de\/wp-content\/uploads\/2020\/05\/galerie_herdecke_koetterhof_2020_01-19.jpg&#039;)\">\n\n\t\t\t\n\t\t\t\t\t<\/div>\n\t\t\t\t\t\t\t\t<\/div>\n\t\t\t\t\t\t\t\t\t\t\t<div class=\"swiper-slide\" role=\"group\" aria-roledescription=\"slide\">\n\t\t\t\t\t\t\t\t\t<div class=\"elementor-carousel-image\" role=\"img\" aria-label=\"galerie_herdecke_koetterhof_2020_01-20\" style=\"background-image: url(&#039;https:\/\/koetterhof.de\/wp-content\/uploads\/2020\/05\/galerie_herdecke_koetterhof_2020_01-20.jpg&#039;)\">\n\n\t\t\t\n\t\t\t\t\t<\/div>\n\t\t\t\t\t\t\t\t<\/div>\n\t\t\t\t\t\t\t\t\t\t\t<div class=\"swiper-slide\" role=\"group\" aria-roledescription=\"slide\">\n\t\t\t\t\t\t\t\t\t<div class=\"elementor-carousel-image\" role=\"img\" aria-label=\"galerie_herdecke_koetterhof_2020_01-21\" style=\"background-image: url(&#039;https:\/\/koetterhof.de\/wp-content\/uploads\/2020\/05\/galerie_herdecke_koetterhof_2020_01-21.jpg&#039;)\">\n\n\t\t\t\n\t\t\t\t\t<\/div>\n\t\t\t\t\t\t\t\t<\/div>\n\t\t\t\t\t\t\t\t\t\t\t<div class=\"swiper-slide\" role=\"group\" aria-roledescription=\"slide\">\n\t\t\t\t\t\t\t\t\t<div class=\"elementor-carousel-image\" role=\"img\" aria-label=\"galerie_herdecke_koetterhof_2020_01-23\" style=\"background-image: url(&#039;https:\/\/koetterhof.de\/wp-content\/uploads\/2020\/05\/galerie_herdecke_koetterhof_2020_01-23.jpg&#039;)\">\n\n\t\t\t\n\t\t\t\t\t<\/div>\n\t\t\t\t\t\t\t\t<\/div>\n\t\t\t\t\t\t\t\t\t<\/div>\n\t\t\t\t\t\t\t\t\t\t\t\t\t\t\t\t\t\t\t\t\t<\/div>\n\t\t\t\t<\/div>\n\t\t\t\t\t\t\t\t<\/div>\n\t\t\t\t<\/div>\n\t\t\t\t\t<\/div>\n\t\t<\/div>\n\t\t\t\t\t<\/div>\n\t\t<\/section>\n\t\t\t\t<\/div>\n\t\t","protected":false},"excerpt":{"rendered":"<p>Herdecke liegt an der Ruhr im n\u00f6rdlichen Ennepe-Ruhr-Kreis in Nordrhein-Westfalen. Herdecke ist die \u00bbStadt zwischen den Ruhrseen\u00ab, zwischen dem Hengsteysee und dem Harkortsee. Herausragende Elemente des Stadtbildes sind das \u201eBachviertel\u201c als historische Altstadt mit seinen vielen Fachwerkh\u00e4usern und der tal\u00fcberspannende, gut 30 m hohe Ruhr-Viadukt. Und wer wissen will, was gerade so los ist in [&hellip;]<\/p>\n","protected":false},"author":1,"featured_media":0,"parent":0,"menu_order":20,"comment_status":"closed","ping_status":"closed","template":"elementor_header_footer","meta":{"_acf_changed":false,"footnotes":""},"class_list":["post-498","page","type-page","status-publish","hentry"],"acf":[],"_links":{"self":[{"href":"https:\/\/koetterhof.de\/de\/wp-json\/wp\/v2\/pages\/498","targetHints":{"allow":["GET"]}}],"collection":[{"href":"https:\/\/koetterhof.de\/de\/wp-json\/wp\/v2\/pages"}],"about":[{"href":"https:\/\/koetterhof.de\/de\/wp-json\/wp\/v2\/types\/page"}],"author":[{"embeddable":true,"href":"https:\/\/koetterhof.de\/de\/wp-json\/wp\/v2\/users\/1"}],"replies":[{"embeddable":true,"href":"https:\/\/koetterhof.de\/de\/wp-json\/wp\/v2\/comments?post=498"}],"version-history":[{"count":3,"href":"https:\/\/koetterhof.de\/de\/wp-json\/wp\/v2\/pages\/498\/revisions"}],"predecessor-version":[{"id":2857,"href":"https:\/\/koetterhof.de\/de\/wp-json\/wp\/v2\/pages\/498\/revisions\/2857"}],"wp:attachment":[{"href":"https:\/\/koetterhof.de\/de\/wp-json\/wp\/v2\/media?parent=498"}],"curies":[{"name":"wp","href":"https:\/\/api.w.org\/{rel}","templated":true}]}}