{"id":502,"date":"2020-06-11T12:57:41","date_gmt":"2020-06-11T10:57:41","guid":{"rendered":"https:\/\/khhd.preview.tammen.de\/?page_id=502"},"modified":"2026-01-23T20:02:51","modified_gmt":"2026-01-23T19:02:51","slug":"events","status":"publish","type":"page","link":"https:\/\/koetterhof.de\/de\/events\/","title":{"rendered":"Events"},"content":{"rendered":"\t\t<div data-elementor-type=\"wp-page\" data-elementor-id=\"502\" class=\"elementor elementor-502\" data-elementor-post-type=\"page\">\n\t\t\t\t\t\t<section class=\"elementor-section elementor-top-section elementor-element elementor-element-6ec90f3 elementor-section-height-min-height elementor-section-full_width elementor-section-items-bottom elementor-section-height-default\" data-id=\"6ec90f3\" data-element_type=\"section\" data-e-type=\"section\" data-settings=\"{&quot;background_background&quot;:&quot;classic&quot;}\">\n\t\t\t\t\t\t<div class=\"elementor-container elementor-column-gap-default\">\n\t\t\t\t\t<div class=\"elementor-column elementor-col-100 elementor-top-column elementor-element elementor-element-eb427ee\" data-id=\"eb427ee\" data-element_type=\"column\" data-e-type=\"column\">\n\t\t\t<div class=\"elementor-widget-wrap elementor-element-populated\">\n\t\t\t\t\t\t<div class=\"elementor-element elementor-element-2cad3f6 elementor-widget elementor-widget-text-editor\" data-id=\"2cad3f6\" data-element_type=\"widget\" data-e-type=\"widget\" data-widget_type=\"text-editor.default\">\n\t\t\t\t<div class=\"elementor-widget-container\">\n\t\t\t\t\t\t\t\t\t<p>FOTO . Extraschicht \u2013 Ruhr Tourismus GmbH \/ Kreklau<\/p>\t\t\t\t\t\t\t\t<\/div>\n\t\t\t\t<\/div>\n\t\t\t\t\t<\/div>\n\t\t<\/div>\n\t\t\t\t\t<\/div>\n\t\t<\/section>\n\t\t\t\t<section class=\"elementor-section elementor-top-section elementor-element elementor-element-bd56238 elementor-section-boxed elementor-section-height-default elementor-section-height-default\" data-id=\"bd56238\" data-element_type=\"section\" data-e-type=\"section\">\n\t\t\t\t\t\t<div class=\"elementor-container elementor-column-gap-default\">\n\t\t\t\t\t<div class=\"elementor-column elementor-col-100 elementor-top-column elementor-element elementor-element-35cf3ae\" data-id=\"35cf3ae\" data-element_type=\"column\" data-e-type=\"column\">\n\t\t\t<div class=\"elementor-widget-wrap elementor-element-populated\">\n\t\t\t\t\t\t<div class=\"elementor-element elementor-element-95be673 elementor-widget elementor-widget-heading\" data-id=\"95be673\" data-element_type=\"widget\" data-e-type=\"widget\" data-widget_type=\"heading.default\">\n\t\t\t\t<div class=\"elementor-widget-container\">\n\t\t\t\t\t<h1 class=\"elementor-heading-title elementor-size-default\">Events<\/h1>\t\t\t\t<\/div>\n\t\t\t\t<\/div>\n\t\t\t\t<div class=\"elementor-element elementor-element-e80035f elementor-widget elementor-widget-image\" data-id=\"e80035f\" data-element_type=\"widget\" data-e-type=\"widget\" data-widget_type=\"image.default\">\n\t\t\t\t<div class=\"elementor-widget-container\">\n\t\t\t\t\t\t\t\t\t\t\t\t\t\t\t<img decoding=\"async\" src=\"https:\/\/koetterhof.de\/wp-content\/uploads\/2020\/05\/strich_rot.svg\" class=\"attachment-full size-full wp-image-53\" alt=\"\" \/>\t\t\t\t\t\t\t\t\t\t\t\t\t\t\t<\/div>\n\t\t\t\t<\/div>\n\t\t\t\t<div class=\"elementor-element elementor-element-08c4aa4 elementor-widget-tablet__width-initial elementor-widget elementor-widget-text-editor\" data-id=\"08c4aa4\" data-element_type=\"widget\" data-e-type=\"widget\" data-widget_type=\"text-editor.default\">\n\t\t\t\t<div class=\"elementor-widget-container\">\n\t\t\t\t\t\t\t\t\t<p>Die Region Rhein &amp; Ruhr ist in Summe ihrer St\u00e4dte<br \/>wohl eine der bedeutendsten Kultur-Metropolen weltweit \u2013 das Angebot kultureller Einrichtungen und Veranstaltungen ist grandios.<br \/>Wer auch nur ann\u00e4hernd informiert sein will, recherchiert im Internet unter Ruhrgebiet + Kultur, Veranstaltungen, Festivals, Museen, Ausstellungen, \u2026<\/p><p>Ob Konzert- oder Theaterveranstaltungen \u2013\u00a0an der Ruhr gibt es einfach alles! Und davon reichlich!<br \/>Auftritte von Weltstars sind hier an der Tagesordnung!<\/p><p>Im Konzertsaal der Werner Richard \u2013 Dr. Carl D\u00f6rken Stiftung finden regelm\u00e4\u00dfig anspruchsvolle Veranstaltungen statt \u2013 u.a. Konzerte und Lesungen. In der Dr. Carl D\u00f6rken Galerie wird dem Leitmotiv \u00bbFarbe als Farbe\u00ab folgend in wechselnden Ausstellungen das gesamte Spektrum aktueller Kunst gezeigt.<br \/><a href=\"http:\/\/www.doerken-stiftung.de\/\">www.doerken-stiftung.de<\/a><\/p><p><strong><u>Veranstaltungen in Herdecke 2026<\/u><\/strong><\/p><p><strong>11. &#8211; 12. April<br \/><\/strong>Fr\u00fchlingsfest<\/p><p><strong>17. April<br \/><\/strong>Herdecke genie\u00dfen<\/p><p><strong>08. Mai<br \/><\/strong>Herdecke genie\u00dfen<\/p><p><strong>13. &#8211; 16. Mai<br \/><\/strong>\u201eHerdecker Maiwoche\u201c (gr\u00f6\u00dftes Stadtfest mit viel Livemusik und vielen St\u00e4nden f\u00fcr Essen und Getr\u00e4nke)<\/p><p><strong>12. Juni<br \/><\/strong>Herdecke genie\u00dfen<\/p><p><strong>10. Juli<br \/><\/strong>Herdecke genie\u00dfen<\/p><p><strong>24. &#8211; 26. Juli<br \/><\/strong>Street Food Festival Herdecke<\/p><p><strong>07. &#8211; 09. August<br \/><\/strong>Herdecke karibisch<\/p><p><strong>14. August<br \/><\/strong>Herdecke genie\u00dfen<\/p><p><strong>11. September<br \/><\/strong>Herdecke genie\u00dfen<\/p><p><strong>26. &#8211; 27. September<br \/><\/strong>Herbstfest<\/p><p><strong>28. &#8211; 29. November<br \/><\/strong>\u201eHerdecker Weihnachtszauber\u201c<\/p><p>Weitere Veranstaltungen sind auf der Website der <a href=\"https:\/\/www.herdecke.de\/regional\/veranstaltungen\/suche.html\">Stadt Herdecke<\/a> zu finden.<\/p>\t\t\t\t\t\t\t\t<\/div>\n\t\t\t\t<\/div>\n\t\t\t\t\t<\/div>\n\t\t<\/div>\n\t\t\t\t\t<\/div>\n\t\t<\/section>\n\t\t\t\t<\/div>\n\t\t","protected":false},"excerpt":{"rendered":"<p>FOTO . Extraschicht \u2013 Ruhr Tourismus GmbH \/ Kreklau Die Region Rhein &amp; Ruhr ist in Summe ihrer St\u00e4dtewohl eine der bedeutendsten Kultur-Metropolen weltweit \u2013 das Angebot kultureller Einrichtungen und Veranstaltungen ist grandios.Wer auch nur ann\u00e4hernd informiert sein will, recherchiert im Internet unter Ruhrgebiet + Kultur, Veranstaltungen, Festivals, Museen, Ausstellungen, \u2026 Ob Konzert- oder Theaterveranstaltungen [&hellip;]<\/p>\n","protected":false},"author":1,"featured_media":0,"parent":0,"menu_order":19,"comment_status":"closed","ping_status":"closed","template":"elementor_header_footer","meta":{"_acf_changed":false,"footnotes":""},"class_list":["post-502","page","type-page","status-publish","hentry"],"acf":[],"_links":{"self":[{"href":"https:\/\/koetterhof.de\/de\/wp-json\/wp\/v2\/pages\/502","targetHints":{"allow":["GET"]}}],"collection":[{"href":"https:\/\/koetterhof.de\/de\/wp-json\/wp\/v2\/pages"}],"about":[{"href":"https:\/\/koetterhof.de\/de\/wp-json\/wp\/v2\/types\/page"}],"author":[{"embeddable":true,"href":"https:\/\/koetterhof.de\/de\/wp-json\/wp\/v2\/users\/1"}],"replies":[{"embeddable":true,"href":"https:\/\/koetterhof.de\/de\/wp-json\/wp\/v2\/comments?post=502"}],"version-history":[{"count":21,"href":"https:\/\/koetterhof.de\/de\/wp-json\/wp\/v2\/pages\/502\/revisions"}],"predecessor-version":[{"id":2919,"href":"https:\/\/koetterhof.de\/de\/wp-json\/wp\/v2\/pages\/502\/revisions\/2919"}],"wp:attachment":[{"href":"https:\/\/koetterhof.de\/de\/wp-json\/wp\/v2\/media?parent=502"}],"curies":[{"name":"wp","href":"https:\/\/api.w.org\/{rel}","templated":true}]}}