{"id":514,"date":"2020-06-11T15:53:49","date_gmt":"2020-06-11T13:53:49","guid":{"rendered":"https:\/\/khhd.preview.tammen.de\/?page_id=514"},"modified":"2020-07-29T10:58:46","modified_gmt":"2020-07-29T08:58:46","slug":"allgemeine-geschaeftsbedingungen","status":"publish","type":"page","link":"https:\/\/koetterhof.de\/de\/allgemeine-geschaeftsbedingungen\/","title":{"rendered":"Allgemeine Gesch\u00e4ftsbedingungen"},"content":{"rendered":"\t\t<div data-elementor-type=\"wp-page\" data-elementor-id=\"514\" class=\"elementor elementor-514\" data-elementor-post-type=\"page\">\n\t\t\t\t\t\t<section class=\"elementor-section elementor-top-section elementor-element elementor-element-6ec90f3 elementor-section-height-min-height elementor-section-boxed elementor-section-height-default elementor-section-items-middle\" data-id=\"6ec90f3\" data-element_type=\"section\" data-e-type=\"section\" data-settings=\"{&quot;background_background&quot;:&quot;classic&quot;}\">\n\t\t\t\t\t\t<div class=\"elementor-container elementor-column-gap-default\">\n\t\t\t\t\t<div class=\"elementor-column elementor-col-100 elementor-top-column elementor-element elementor-element-eb427ee\" data-id=\"eb427ee\" data-element_type=\"column\" data-e-type=\"column\">\n\t\t\t<div class=\"elementor-widget-wrap\">\n\t\t\t\t\t\t\t<\/div>\n\t\t<\/div>\n\t\t\t\t\t<\/div>\n\t\t<\/section>\n\t\t\t\t<section class=\"elementor-section elementor-top-section elementor-element elementor-element-bd56238 elementor-section-boxed elementor-section-height-default elementor-section-height-default\" data-id=\"bd56238\" data-element_type=\"section\" data-e-type=\"section\">\n\t\t\t\t\t\t<div class=\"elementor-container elementor-column-gap-default\">\n\t\t\t\t\t<div class=\"elementor-column elementor-col-100 elementor-top-column elementor-element elementor-element-35cf3ae\" data-id=\"35cf3ae\" data-element_type=\"column\" data-e-type=\"column\">\n\t\t\t<div class=\"elementor-widget-wrap elementor-element-populated\">\n\t\t\t\t\t\t<div class=\"elementor-element elementor-element-95be673 elementor-widget elementor-widget-heading\" data-id=\"95be673\" data-element_type=\"widget\" data-e-type=\"widget\" data-widget_type=\"heading.default\">\n\t\t\t\t<div class=\"elementor-widget-container\">\n\t\t\t\t\t<h1 class=\"elementor-heading-title elementor-size-default\">Allgemeine Gesch\u00e4fts&shy;bedingungen<\/h1>\t\t\t\t<\/div>\n\t\t\t\t<\/div>\n\t\t\t\t<div class=\"elementor-element elementor-element-a2599dd elementor-widget elementor-widget-image\" data-id=\"a2599dd\" data-element_type=\"widget\" data-e-type=\"widget\" data-widget_type=\"image.default\">\n\t\t\t\t<div class=\"elementor-widget-container\">\n\t\t\t\t\t\t\t\t\t\t\t\t\t\t\t<img decoding=\"async\" src=\"https:\/\/koetterhof.de\/wp-content\/uploads\/2020\/05\/strich_rot.svg\" class=\"attachment-full size-full wp-image-53\" alt=\"\" \/>\t\t\t\t\t\t\t\t\t\t\t\t\t\t\t<\/div>\n\t\t\t\t<\/div>\n\t\t\t\t<div class=\"elementor-element elementor-element-4998093 elementor-widget elementor-widget-text-editor\" data-id=\"4998093\" data-element_type=\"widget\" data-e-type=\"widget\" data-widget_type=\"text-editor.default\">\n\t\t\t\t<div class=\"elementor-widget-container\">\n\t\t\t\t\t\t\t\t\t<p style=\"text-align: center;\"><span style=\"color: #a39a69; text-align: center;\">S\u00e4mtliche T\u00e4tigkeiten beruhen auf den Richtlinien des deutschen Hotel- und Gastst\u00e4ttenverbandes (DEHOGA).\u00a0<\/span><br style=\"color: #a39a69; text-align: center;\" \/><span style=\"color: #a39a69; font-size: 1rem; text-align: center;\">\u00a0Ein Gastaufnahmevertrag gilt als zustande gekommen, wenn ein Hotelzimmer bestellt, zugesagt oder kurzfristig bereitgestellt wird.\u00a0<br \/><\/span><span style=\"color: #a39a69; font-size: 1rem; text-align: center;\">Dieses kann auch in m\u00fcndlicher Form (Willenserkl\u00e4rung) geschehen.\u00a0<\/span><\/p>\t\t\t\t\t\t\t\t<\/div>\n\t\t\t\t<\/div>\n\t\t\t\t<div class=\"elementor-element elementor-element-d33bb19 elementor-widget elementor-widget-spacer\" data-id=\"d33bb19\" data-element_type=\"widget\" data-e-type=\"widget\" data-widget_type=\"spacer.default\">\n\t\t\t\t<div class=\"elementor-widget-container\">\n\t\t\t\t\t\t\t<div class=\"elementor-spacer\">\n\t\t\t<div class=\"elementor-spacer-inner\"><\/div>\n\t\t<\/div>\n\t\t\t\t\t\t<\/div>\n\t\t\t\t<\/div>\n\t\t\t\t<section class=\"elementor-section elementor-inner-section elementor-element elementor-element-98ebca4 elementor-section-boxed elementor-section-height-default elementor-section-height-default\" data-id=\"98ebca4\" data-element_type=\"section\" data-e-type=\"section\">\n\t\t\t\t\t\t<div class=\"elementor-container elementor-column-gap-default\">\n\t\t\t\t\t<div class=\"elementor-column elementor-col-50 elementor-inner-column elementor-element elementor-element-53943fe\" data-id=\"53943fe\" data-element_type=\"column\" data-e-type=\"column\">\n\t\t\t<div class=\"elementor-widget-wrap elementor-element-populated\">\n\t\t\t\t\t\t<div class=\"elementor-element elementor-element-4ae8e46 elementor-widget elementor-widget-heading\" data-id=\"4ae8e46\" data-element_type=\"widget\" data-e-type=\"widget\" data-widget_type=\"heading.default\">\n\t\t\t\t<div class=\"elementor-widget-container\">\n\t\t\t\t\t<h2 class=\"elementor-heading-title elementor-size-default\">BEREITSTELLUNG<\/h2>\t\t\t\t<\/div>\n\t\t\t\t<\/div>\n\t\t\t\t<div class=\"elementor-element elementor-element-92f6796 elementor-widget elementor-widget-text-editor\" data-id=\"92f6796\" data-element_type=\"widget\" data-e-type=\"widget\" data-widget_type=\"text-editor.default\">\n\t\t\t\t<div class=\"elementor-widget-container\">\n\t\t\t\t\t\t\t\t\t<p>Die Zimmer stehen dem Gast ab 14.00 Uhr zur Verf\u00fcgung.\u00a0<span style=\"font-size: 1rem;\">Zutritt erh\u00e4lt der Gast durch den Zutrittscode f\u00fcr die Haust\u00fcre, den er telefonisch oder pers\u00f6nlich vor Ort erh\u00e4lt.<\/span><\/p><p><span style=\"font-size: 1rem;\">\u00a0<\/span><\/p><p>\u00a0<\/p>\t\t\t\t\t\t\t\t<\/div>\n\t\t\t\t<\/div>\n\t\t\t\t<div class=\"elementor-element elementor-element-cda9591 elementor-widget elementor-widget-heading\" data-id=\"cda9591\" data-element_type=\"widget\" data-e-type=\"widget\" data-widget_type=\"heading.default\">\n\t\t\t\t<div class=\"elementor-widget-container\">\n\t\t\t\t\t<h2 class=\"elementor-heading-title elementor-size-default\">UM- UND ABBESTELLUNG\n<\/h2>\t\t\t\t<\/div>\n\t\t\t\t<\/div>\n\t\t\t\t<div class=\"elementor-element elementor-element-a42180d elementor-widget elementor-widget-text-editor\" data-id=\"a42180d\" data-element_type=\"widget\" data-e-type=\"widget\" data-widget_type=\"text-editor.default\">\n\t\t\t\t<div class=\"elementor-widget-container\">\n\t\t\t\t\t\t\t\t\t<p>F\u00fcr gebuchte bzw. angemietete Zimmer ist das vereinbarte Entgelt auch dann zu bezahlen,\u00a0<span style=\"font-size: 1rem;\">wenn die Buchung sp\u00e4ter vom Kunden storniert wird (\u00a7552 BGB), und zwar:\u00a0<\/span><\/p><p><span style=\"font-size: 1rem;\">\u2013 50 % .\u00a0 1 Tag vor Buchungsdatum\u00a0<br \/><\/span><span style=\"font-size: 1rem;\">\u2013 25 % .\u00a0 2 Tage vor Buchungsdatum\u00a0<\/span><\/p><p><span style=\"font-size: 1rem;\">\u00a0<\/span><\/p>\t\t\t\t\t\t\t\t<\/div>\n\t\t\t\t<\/div>\n\t\t\t\t<div class=\"elementor-element elementor-element-67e4528 elementor-widget elementor-widget-heading\" data-id=\"67e4528\" data-element_type=\"widget\" data-e-type=\"widget\" data-widget_type=\"heading.default\">\n\t\t\t\t<div class=\"elementor-widget-container\">\n\t\t\t\t\t<h2 class=\"elementor-heading-title elementor-size-default\">HAFTUNG\n<\/h2>\t\t\t\t<\/div>\n\t\t\t\t<\/div>\n\t\t\t\t<div class=\"elementor-element elementor-element-8d79cc1 elementor-widget elementor-widget-text-editor\" data-id=\"8d79cc1\" data-element_type=\"widget\" data-e-type=\"widget\" data-widget_type=\"text-editor.default\">\n\t\t\t\t<div class=\"elementor-widget-container\">\n\t\t\t\t\t\t\t\t\t<p>Eine von der Vereinbarung abweichende Nutzung der dem Gast \u00fcberlassenen R\u00e4ume\u00a0<span style=\"font-size: 1rem;\">berechtigt das Hotel zur fristlosen L\u00f6sung des Vertragsverh\u00e4ltnisses, ohne dass hierdurch\u00a0<\/span><span style=\"font-size: 1rem;\">Anspruch auf das vereinbarte Entgeld gemindert wird.\u00a0<\/span><\/p><p><span style=\"font-size: 1rem;\">Das Hotel haftet dem Gast nach den Bestimmungen des BGB.\u00a0<\/span><span style=\"font-size: 1rem;\">F\u00fcr Geld und Wertsachen wird gem\u00e4\u00df \u00a7 701 BGB nur bis zum Betrag von 100 \u20ac gehaftet.\u00a0<\/span><span style=\"font-size: 1rem;\">Die G\u00e4ste werden gebeten, Wertsachen nicht im Hotel zur\u00fcckzulassen.\u00a0<\/span><\/p><p>\u00a0<\/p>\t\t\t\t\t\t\t\t<\/div>\n\t\t\t\t<\/div>\n\t\t\t\t\t<\/div>\n\t\t<\/div>\n\t\t\t\t<div class=\"elementor-column elementor-col-50 elementor-inner-column elementor-element elementor-element-84dae9d\" data-id=\"84dae9d\" data-element_type=\"column\" data-e-type=\"column\">\n\t\t\t<div class=\"elementor-widget-wrap elementor-element-populated\">\n\t\t\t\t\t\t<div class=\"elementor-element elementor-element-8012b30 elementor-widget elementor-widget-heading\" data-id=\"8012b30\" data-element_type=\"widget\" data-e-type=\"widget\" data-widget_type=\"heading.default\">\n\t\t\t\t<div class=\"elementor-widget-container\">\n\t\t\t\t\t<h2 class=\"elementor-heading-title elementor-size-default\">AN- UND ABREISE<\/h2>\t\t\t\t<\/div>\n\t\t\t\t<\/div>\n\t\t\t\t<div class=\"elementor-element elementor-element-aa22d79 elementor-widget elementor-widget-text-editor\" data-id=\"aa22d79\" data-element_type=\"widget\" data-e-type=\"widget\" data-widget_type=\"text-editor.default\">\n\t\t\t\t<div class=\"elementor-widget-container\">\n\t\t\t\t\t\t\t\t\t<p>Der CheckIn ist t\u00e4glich von 14.00 bis 18.00 Uhr.&nbsp;<\/p>\n<p>Der CheckOut erfolgt bis 11.00 Uhr.&nbsp;<\/p>\n<p><\/p>\t\t\t\t\t\t\t\t<\/div>\n\t\t\t\t<\/div>\n\t\t\t\t<div class=\"elementor-element elementor-element-eaadc8a elementor-widget elementor-widget-heading\" data-id=\"eaadc8a\" data-element_type=\"widget\" data-e-type=\"widget\" data-widget_type=\"heading.default\">\n\t\t\t\t<div class=\"elementor-widget-container\">\n\t\t\t\t\t<h2 class=\"elementor-heading-title elementor-size-default\">FUNDSACHEN\n<\/h2>\t\t\t\t<\/div>\n\t\t\t\t<\/div>\n\t\t\t\t<div class=\"elementor-element elementor-element-58ea9d8 elementor-widget elementor-widget-text-editor\" data-id=\"58ea9d8\" data-element_type=\"widget\" data-e-type=\"widget\" data-widget_type=\"text-editor.default\">\n\t\t\t\t<div class=\"elementor-widget-container\">\n\t\t\t\t\t\t\t\t\t<p>Liegengebliebene Gegenst\u00e4nde des Gastes werden nur auf Anfrage, Risiko und Kosten des Gastes nachgesendet.\u00a0<span style=\"font-size: 1rem;\">Das Hotel verpflichtet sich zu einer Aufbewahrung von 2 Monaten.\u00a0<\/span><span style=\"font-size: 1rem;\">Nach diesem Zeitpunkt werden die Gegenst\u00e4nde vernichtet oder\u00a0<\/span><span style=\"font-size: 1rem;\">sofern ein ersichtlicher Wert besteht,\u00a0 gemeinn\u00fctzigen Einrichtungen zugef\u00fchrt.\u00a0<\/span><\/p><p><span style=\"font-size: 1rem;\">\u00a0<\/span><\/p><p>\u00a0<\/p>\t\t\t\t\t\t\t\t<\/div>\n\t\t\t\t<\/div>\n\t\t\t\t<div class=\"elementor-element elementor-element-986f613 elementor-widget elementor-widget-heading\" data-id=\"986f613\" data-element_type=\"widget\" data-e-type=\"widget\" data-widget_type=\"heading.default\">\n\t\t\t\t<div class=\"elementor-widget-container\">\n\t\t\t\t\t<h2 class=\"elementor-heading-title elementor-size-default\">POST- UND WARENSENDUNGEN\n<\/h2>\t\t\t\t<\/div>\n\t\t\t\t<\/div>\n\t\t\t\t<div class=\"elementor-element elementor-element-7f157d7 elementor-widget elementor-widget-text-editor\" data-id=\"7f157d7\" data-element_type=\"widget\" data-e-type=\"widget\" data-widget_type=\"text-editor.default\">\n\t\t\t\t<div class=\"elementor-widget-container\">\n\t\t\t\t\t\t\t\t\t<p>F\u00fcr G\u00e4ste bestimmte Nachrichten, Post- oder Warensendungen werden mit Sorgfalt behandelt.\u00a0<span style=\"font-size: 1rem;\">Das Hotel \u00fcbernimmt die Aufbewahrung und auf Wunsch die Nachsendung.\u00a0<\/span><span style=\"font-size: 1rem;\">Eine Haftung f\u00fcr Verlust, Verz\u00f6gerung oder Besch\u00e4digung ist jedoch ausgeschlossen\u00a0\u00a0<\/span><\/p><p>\u00a0<\/p>\t\t\t\t\t\t\t\t<\/div>\n\t\t\t\t<\/div>\n\t\t\t\t\t<\/div>\n\t\t<\/div>\n\t\t\t\t\t<\/div>\n\t\t<\/section>\n\t\t\t\t\t<\/div>\n\t\t<\/div>\n\t\t\t\t\t<\/div>\n\t\t<\/section>\n\t\t\t\t<\/div>\n\t\t","protected":false},"excerpt":{"rendered":"<p>Allgemeine Gesch\u00e4fts&shy;bedingungen S\u00e4mtliche T\u00e4tigkeiten beruhen auf den Richtlinien des deutschen Hotel- und Gastst\u00e4ttenverbandes (DEHOGA).\u00a0\u00a0Ein Gastaufnahmevertrag gilt als zustande gekommen, wenn ein Hotelzimmer bestellt, zugesagt oder kurzfristig bereitgestellt wird.\u00a0Dieses kann auch in m\u00fcndlicher Form (Willenserkl\u00e4rung) geschehen.\u00a0 BEREITSTELLUNG Die Zimmer stehen dem Gast ab 14.00 Uhr zur Verf\u00fcgung.\u00a0Zutritt erh\u00e4lt der Gast durch den Zutrittscode f\u00fcr die Haust\u00fcre, [&hellip;]<\/p>\n","protected":false},"author":1,"featured_media":0,"parent":0,"menu_order":50,"comment_status":"closed","ping_status":"closed","template":"elementor_header_footer","meta":{"_acf_changed":false,"footnotes":""},"class_list":["post-514","page","type-page","status-publish","hentry"],"acf":[],"_links":{"self":[{"href":"https:\/\/koetterhof.de\/de\/wp-json\/wp\/v2\/pages\/514","targetHints":{"allow":["GET"]}}],"collection":[{"href":"https:\/\/koetterhof.de\/de\/wp-json\/wp\/v2\/pages"}],"about":[{"href":"https:\/\/koetterhof.de\/de\/wp-json\/wp\/v2\/types\/page"}],"author":[{"embeddable":true,"href":"https:\/\/koetterhof.de\/de\/wp-json\/wp\/v2\/users\/1"}],"replies":[{"embeddable":true,"href":"https:\/\/koetterhof.de\/de\/wp-json\/wp\/v2\/comments?post=514"}],"version-history":[{"count":0,"href":"https:\/\/koetterhof.de\/de\/wp-json\/wp\/v2\/pages\/514\/revisions"}],"wp:attachment":[{"href":"https:\/\/koetterhof.de\/de\/wp-json\/wp\/v2\/media?parent=514"}],"curies":[{"name":"wp","href":"https:\/\/api.w.org\/{rel}","templated":true}]}}