{"id":516,"date":"2020-06-11T15:56:13","date_gmt":"2020-06-11T13:56:13","guid":{"rendered":"https:\/\/khhd.preview.tammen.de\/?page_id=516"},"modified":"2023-06-10T12:45:05","modified_gmt":"2023-06-10T10:45:05","slug":"impressum","status":"publish","type":"page","link":"https:\/\/koetterhof.de\/de\/impressum\/","title":{"rendered":"Impressum"},"content":{"rendered":"\t\t<div data-elementor-type=\"wp-page\" data-elementor-id=\"516\" class=\"elementor elementor-516\" data-elementor-post-type=\"page\">\n\t\t\t\t\t\t<section class=\"elementor-section elementor-top-section elementor-element elementor-element-6ec90f3 elementor-section-height-min-height elementor-section-boxed elementor-section-height-default elementor-section-items-middle\" data-id=\"6ec90f3\" data-element_type=\"section\" data-e-type=\"section\" data-settings=\"{&quot;background_background&quot;:&quot;classic&quot;}\">\n\t\t\t\t\t\t<div class=\"elementor-container elementor-column-gap-default\">\n\t\t\t\t\t<div class=\"elementor-column elementor-col-100 elementor-top-column elementor-element elementor-element-eb427ee\" data-id=\"eb427ee\" data-element_type=\"column\" data-e-type=\"column\">\n\t\t\t<div class=\"elementor-widget-wrap\">\n\t\t\t\t\t\t\t<\/div>\n\t\t<\/div>\n\t\t\t\t\t<\/div>\n\t\t<\/section>\n\t\t\t\t<section class=\"elementor-section elementor-top-section elementor-element elementor-element-bd56238 elementor-section-boxed elementor-section-height-default elementor-section-height-default\" data-id=\"bd56238\" data-element_type=\"section\" data-e-type=\"section\">\n\t\t\t\t\t\t<div class=\"elementor-container elementor-column-gap-default\">\n\t\t\t\t\t<div class=\"elementor-column elementor-col-100 elementor-top-column elementor-element elementor-element-35cf3ae\" data-id=\"35cf3ae\" data-element_type=\"column\" data-e-type=\"column\">\n\t\t\t<div class=\"elementor-widget-wrap elementor-element-populated\">\n\t\t\t\t\t\t<div class=\"elementor-element elementor-element-95be673 elementor-widget elementor-widget-heading\" data-id=\"95be673\" data-element_type=\"widget\" data-e-type=\"widget\" data-widget_type=\"heading.default\">\n\t\t\t\t<div class=\"elementor-widget-container\">\n\t\t\t\t\t<h1 class=\"elementor-heading-title elementor-size-default\">Impressum<\/h1>\t\t\t\t<\/div>\n\t\t\t\t<\/div>\n\t\t\t\t<div class=\"elementor-element elementor-element-9666c06 elementor-widget elementor-widget-image\" data-id=\"9666c06\" data-element_type=\"widget\" data-e-type=\"widget\" data-widget_type=\"image.default\">\n\t\t\t\t<div class=\"elementor-widget-container\">\n\t\t\t\t\t\t\t\t\t\t\t\t\t\t\t<img decoding=\"async\" src=\"https:\/\/koetterhof.de\/wp-content\/uploads\/2020\/05\/strich_rot.svg\" class=\"attachment-full size-full wp-image-53\" alt=\"\" \/>\t\t\t\t\t\t\t\t\t\t\t\t\t\t\t<\/div>\n\t\t\t\t<\/div>\n\t\t\t\t<div class=\"elementor-element elementor-element-b2b55a1 elementor-widget elementor-widget-spacer\" data-id=\"b2b55a1\" data-element_type=\"widget\" data-e-type=\"widget\" data-widget_type=\"spacer.default\">\n\t\t\t\t<div class=\"elementor-widget-container\">\n\t\t\t\t\t\t\t<div class=\"elementor-spacer\">\n\t\t\t<div class=\"elementor-spacer-inner\"><\/div>\n\t\t<\/div>\n\t\t\t\t\t\t<\/div>\n\t\t\t\t<\/div>\n\t\t\t\t<section class=\"elementor-section elementor-inner-section elementor-element elementor-element-07a1bee elementor-section-boxed elementor-section-height-default elementor-section-height-default\" data-id=\"07a1bee\" data-element_type=\"section\" data-e-type=\"section\">\n\t\t\t\t\t\t<div class=\"elementor-container elementor-column-gap-default\">\n\t\t\t\t\t<div class=\"elementor-column elementor-col-50 elementor-inner-column elementor-element elementor-element-ac9693f\" data-id=\"ac9693f\" data-element_type=\"column\" data-e-type=\"column\">\n\t\t\t<div class=\"elementor-widget-wrap elementor-element-populated\">\n\t\t\t\t\t\t<div class=\"elementor-element elementor-element-9e901da elementor-widget elementor-widget-heading\" data-id=\"9e901da\" data-element_type=\"widget\" data-e-type=\"widget\" data-widget_type=\"heading.default\">\n\t\t\t\t<div class=\"elementor-widget-container\">\n\t\t\t\t\t<h2 class=\"elementor-heading-title elementor-size-default\">\u00d6FFNUNGSZEITEN\n<\/h2>\t\t\t\t<\/div>\n\t\t\t\t<\/div>\n\t\t\t\t<div class=\"elementor-element elementor-element-345dc65 elementor-widget elementor-widget-text-editor\" data-id=\"345dc65\" data-element_type=\"widget\" data-e-type=\"widget\" data-widget_type=\"text-editor.default\">\n\t\t\t\t<div class=\"elementor-widget-container\">\n\t\t\t\t\t\t\t\t\t<p>Unser Hotel ist an allen Wochentagen ge\u00f6ffnet.<\/p>\n<p>Reservieren Sie unter +49 (0) 23 30 . 91 71 111 &amp; +49 (0) 173 . 4617769&nbsp;<span style=\"font-size: 1rem;\">oder<br><\/span><span style=\"font-size: 1rem;\">kontakt@koetterhof.de&nbsp;<\/span><\/p>\n<p><\/p>\t\t\t\t\t\t\t\t<\/div>\n\t\t\t\t<\/div>\n\t\t\t\t<div class=\"elementor-element elementor-element-56a191f elementor-widget elementor-widget-heading\" data-id=\"56a191f\" data-element_type=\"widget\" data-e-type=\"widget\" data-widget_type=\"heading.default\">\n\t\t\t\t<div class=\"elementor-widget-container\">\n\t\t\t\t\t<h2 class=\"elementor-heading-title elementor-size-default\">BETREIBER<\/h2>\t\t\t\t<\/div>\n\t\t\t\t<\/div>\n\t\t\t\t<div class=\"elementor-element elementor-element-dbb31f7 elementor-widget elementor-widget-text-editor\" data-id=\"dbb31f7\" data-element_type=\"widget\" data-e-type=\"widget\" data-widget_type=\"text-editor.default\">\n\t\t\t\t<div class=\"elementor-widget-container\">\n\t\t\t\t\t\t\t\t\t<p><span style=\"font-weight: bold;\">K\u00f6tterhof GmbH<\/span>\u00a0. Wetterstr. 58\u00a0 . 58313 Herdecke . Deutschland \u2028<br \/><span style=\"font-size: 1rem;\">+49 (0) 23 30 . 91 71 111 .\u00a0<\/span><span style=\"font-size: 1rem;\">kontakt@koetterhof.de .\u00a0<\/span><a style=\"background-color: #ffffff; font-size: 1rem;\" href=\"https:\/\/koetterhof.de\/\">www.koetterhof.de\u00a0<\/a><\/p><p>Amtsgericht Hagen . HRB 11632<\/p><p>Steuer-Nr. 348\/5706\/4640<\/p><p><span style=\"font-weight: bold;\">Gesch\u00e4ftsf\u00fchrer\u00a0\u00a0<\/span>Ute Herminghaus . Karl Ewald D\u00f6rken\u00a0<\/p><p>Verantwortlich f\u00fcr die Inhalte gem. \u00a7 5 TMG und \u00a7 55 RStV\u00a0<br \/><span style=\"font-size: 1rem;\">i<\/span><span style=\"font-size: 1rem;\">st Karl Ewald D\u00f6rken\u00a0<\/span><\/p><p><span style=\"font-size: 1rem;\">\u00a0<\/span><\/p><p>\u00a0<\/p>\t\t\t\t\t\t\t\t<\/div>\n\t\t\t\t<\/div>\n\t\t\t\t<div class=\"elementor-element elementor-element-b57cc07 elementor-widget elementor-widget-heading\" data-id=\"b57cc07\" data-element_type=\"widget\" data-e-type=\"widget\" data-widget_type=\"heading.default\">\n\t\t\t\t<div class=\"elementor-widget-container\">\n\t\t\t\t\t<h2 class=\"elementor-heading-title elementor-size-default\">KONZEPT . GESTALTUNG . PROGRAMMIERUNG&nbsp;<\/h2>\t\t\t\t<\/div>\n\t\t\t\t<\/div>\n\t\t\t\t<div class=\"elementor-element elementor-element-afc2538 elementor-widget elementor-widget-text-editor\" data-id=\"afc2538\" data-element_type=\"widget\" data-e-type=\"widget\" data-widget_type=\"text-editor.default\">\n\t\t\t\t<div class=\"elementor-widget-container\">\n\t\t\t\t\t\t\t\t\t<p>TAMMEN GMBH \u2028<br \/>Werbeagentur . Unternehmensberatung \u2028<br \/>Natruper Stra\u00dfe 15 A . 49076 Osnabr\u00fcck . Deutschland \u2028<br \/>+49 . 541 T 9 400 400 . F 9 400 450\u00a0<br \/><span style=\"font-size: 1rem;\"><a href=\"mailto:info@tammen.de\">info@tammen.de<\/a> . <a href=\"http:\/\/www.tammen.de\">www.tammen.de<\/a>\u00a0\u00a0<\/span><\/p><p><span style=\"font-size: 1rem;\">\u00a0<\/span><\/p>\t\t\t\t\t\t\t\t<\/div>\n\t\t\t\t<\/div>\n\t\t\t\t<div class=\"elementor-element elementor-element-8eb9dfa elementor-widget elementor-widget-heading\" data-id=\"8eb9dfa\" data-element_type=\"widget\" data-e-type=\"widget\" data-widget_type=\"heading.default\">\n\t\t\t\t<div class=\"elementor-widget-container\">\n\t\t\t\t\t<h2 class=\"elementor-heading-title elementor-size-default\">BILDNACHWEISE<\/h2>\t\t\t\t<\/div>\n\t\t\t\t<\/div>\n\t\t\t\t<div class=\"elementor-element elementor-element-4e08669 elementor-widget elementor-widget-text-editor\" data-id=\"4e08669\" data-element_type=\"widget\" data-e-type=\"widget\" data-widget_type=\"text-editor.default\">\n\t\t\t\t<div class=\"elementor-widget-container\">\n\t\t\t\t\t\t\t\t\t<p>sofern nicht anders angegeben:<\/p><p>KERSTIN ZU PAN<br \/>Sebastianstr. 86 . 10969 Berlin . Deutschland<br \/>F +49 . 30 . 33 02 48 90\u202c . M +49 . 172 . 2 74 55 54\u202c<br \/>zup@zu-pan.com . <a href=\"http:\/\/www.kerstinzupan.com\">www.kerstinzupan.com<\/a><\/p><p>Fotos im Bereich &#8222;Region&#8220;:<br \/>TAMMEN GMBH<\/p><p>\u00a0<\/p>\t\t\t\t\t\t\t\t<\/div>\n\t\t\t\t<\/div>\n\t\t\t\t<div class=\"elementor-element elementor-element-af57fed elementor-widget elementor-widget-heading\" data-id=\"af57fed\" data-element_type=\"widget\" data-e-type=\"widget\" data-widget_type=\"heading.default\">\n\t\t\t\t<div class=\"elementor-widget-container\">\n\t\t\t\t\t<h2 class=\"elementor-heading-title elementor-size-default\">BUCHUNGSTOOL&nbsp;&nbsp;<\/h2>\t\t\t\t<\/div>\n\t\t\t\t<\/div>\n\t\t\t\t<div class=\"elementor-element elementor-element-8567fcc elementor-widget elementor-widget-text-editor\" data-id=\"8567fcc\" data-element_type=\"widget\" data-e-type=\"widget\" data-widget_type=\"text-editor.default\">\n\t\t\t\t<div class=\"elementor-widget-container\">\n\t\t\t\t\t\t\t\t\t<p>JULIA\u00a0\u2028<br \/><span style=\"font-size: 1rem;\">zadego GmbH\u2028 . \u00bbeasybooking\u00ab \u2028\u2028<br \/>Hypo-Passage 2 . 6020 Innsbruck . Austria \u2028<br \/>Tel +43 . 5 . 09 08 .\u00a0<\/span><a href=\"http:\/\/www.easybooking.eu\/de\" target=\"_blank\" rel=\"noopener\">www.easybooking.eu\/de<\/a><span style=\"font-size: 1rem;\">\u00a0<\/span><\/p><p><span style=\"font-size: 1rem;\">\u00a0<\/span><\/p>\t\t\t\t\t\t\t\t<\/div>\n\t\t\t\t<\/div>\n\t\t\t\t<div class=\"elementor-element elementor-element-4d6454e elementor-widget elementor-widget-heading\" data-id=\"4d6454e\" data-element_type=\"widget\" data-e-type=\"widget\" data-widget_type=\"heading.default\">\n\t\t\t\t<div class=\"elementor-widget-container\">\n\t\t\t\t\t<h2 class=\"elementor-heading-title elementor-size-default\">VERBRAUCHER-SCHLICHTUNGSSTELLE<\/h2>\t\t\t\t<\/div>\n\t\t\t\t<\/div>\n\t\t\t\t<div class=\"elementor-element elementor-element-be3bba7 elementor-widget elementor-widget-text-editor\" data-id=\"be3bba7\" data-element_type=\"widget\" data-e-type=\"widget\" data-widget_type=\"text-editor.default\">\n\t\t\t\t<div class=\"elementor-widget-container\">\n\t\t\t\t\t\t\t\t\t<p>Plattform zur Online-Streitbeilegung der Europ\u00e4ischen Kommission&nbsp;<a href=\"https:\/\/ec.europa.eu\">https:\/\/ec.europa.eu&nbsp;<\/a><\/p>\n<p><span style=\"font-size: 1rem;\">Die Inhalte unserer Seiten wurden mit gr\u00f6\u00dfter Sorgfalt erstellt. \u2028F\u00fcr die Richtigkeit sowie Vollst\u00e4ndigkeit und Aktualit\u00e4t der Inhalte \u2028k\u00f6nnen wir jedoch keine Gew\u00e4hr \u00fcbernehmen.<\/span><\/p>\t\t\t\t\t\t\t\t<\/div>\n\t\t\t\t<\/div>\n\t\t\t\t\t<\/div>\n\t\t<\/div>\n\t\t\t\t<div class=\"elementor-column elementor-col-50 elementor-inner-column elementor-element elementor-element-cc786e6\" data-id=\"cc786e6\" data-element_type=\"column\" data-e-type=\"column\">\n\t\t\t<div class=\"elementor-widget-wrap elementor-element-populated\">\n\t\t\t\t\t\t<div class=\"elementor-element elementor-element-40f3ad0 elementor-widget elementor-widget-heading\" data-id=\"40f3ad0\" data-element_type=\"widget\" data-e-type=\"widget\" data-widget_type=\"heading.default\">\n\t\t\t\t<div class=\"elementor-widget-container\">\n\t\t\t\t\t<h2 class=\"elementor-heading-title elementor-size-default\">URHEBERRECHT&nbsp;<\/h2>\t\t\t\t<\/div>\n\t\t\t\t<\/div>\n\t\t\t\t<div class=\"elementor-element elementor-element-0520e74 elementor-widget elementor-widget-text-editor\" data-id=\"0520e74\" data-element_type=\"widget\" data-e-type=\"widget\" data-widget_type=\"text-editor.default\">\n\t\t\t\t<div class=\"elementor-widget-container\">\n\t\t\t\t\t\t\t\t\t<p>Die Inhalte auf diesen Seiten unterliegen dem deutschen Urheberrecht. \u2028Die Vervielf\u00e4ltigung, Bearbeitung, Verbreitung und jede Art der Verwertung \u2028au\u00dferhalb der Grenzen des Urheberrechts bed\u00fcrfen der schriftlichen Zustimmung des Seitenbetreibers. \u2028Downloads und Kopien dieser Seiten sind f\u00fcr kommerziellen Gebrauch oder Verwendung nicht gestattet.\u00a0<\/p><p>\u00a0<\/p>\t\t\t\t\t\t\t\t<\/div>\n\t\t\t\t<\/div>\n\t\t\t\t<div class=\"elementor-element elementor-element-41b3a85 elementor-widget elementor-widget-heading\" data-id=\"41b3a85\" data-element_type=\"widget\" data-e-type=\"widget\" data-widget_type=\"heading.default\">\n\t\t\t\t<div class=\"elementor-widget-container\">\n\t\t\t\t\t<h2 class=\"elementor-heading-title elementor-size-default\">HAFTUNGSAUSSCHLUSS&nbsp;<\/h2>\t\t\t\t<\/div>\n\t\t\t\t<\/div>\n\t\t\t\t<div class=\"elementor-element elementor-element-54c7f16 elementor-widget elementor-widget-text-editor\" data-id=\"54c7f16\" data-element_type=\"widget\" data-e-type=\"widget\" data-widget_type=\"text-editor.default\">\n\t\t\t\t<div class=\"elementor-widget-container\">\n\t\t\t\t\t\t\t\t\t<p>Mit Urteil vom 12. Mai 1998 &#8211; 312 O 85\/98 &#8211; &#8222;Haftung f\u00fcr Links&#8220; hat das Landgericht (LG) Hamburg entschieden, \u2028dass man durch das Setzen eines Links, die Inhalte der gelinkten Seite ggf. mit zu verantworten hat. \u2028Dies kann &#8211; so das LG &#8211; nur dadurch verhindert werden, dass man sich ausdr\u00fccklich von diesen Inhalten distanziert. \u2028&#8217;Hiermit distanzieren wir uns ausdr\u00fccklich von den verlinkten Seiten.<\/p><p>\u00a0<\/p><p>\u00a0<\/p>\t\t\t\t\t\t\t\t<\/div>\n\t\t\t\t<\/div>\n\t\t\t\t<div class=\"elementor-element elementor-element-8a063a9 elementor-widget elementor-widget-heading\" data-id=\"8a063a9\" data-element_type=\"widget\" data-e-type=\"widget\" data-widget_type=\"heading.default\">\n\t\t\t\t<div class=\"elementor-widget-container\">\n\t\t\t\t\t<h2 class=\"elementor-heading-title elementor-size-default\">HINWEISE ZUM DATENSCHUTZ&nbsp;<\/h2>\t\t\t\t<\/div>\n\t\t\t\t<\/div>\n\t\t\t\t<div class=\"elementor-element elementor-element-f237e89 elementor-widget elementor-widget-text-editor\" data-id=\"f237e89\" data-element_type=\"widget\" data-e-type=\"widget\" data-widget_type=\"text-editor.default\">\n\t\t\t\t<div class=\"elementor-widget-container\">\n\t\t\t\t\t\t\t\t\t<p><b>1. Datenerhebung und -speicherung\u00a0<\/b><\/p><p>Wenn eine Webseite besucht wird, sendet der Browser grunds\u00e4tzlich Informationen \u2028\u00fcber Browsertyp und Browserversion, das verwandte Betriebssystem, die Referrer-URL, die IP-Adresse, \u2028den Dateinamen, den Zugriffsstatus, die \u00fcbertragene Datenmenge, das Datum und die Uhrzeit der Serveranfrage. \u2028Diese Daten sind weder einer Person noch anderen Datenquellen zuzuordnen und werden zun\u00e4chst gespeichert \u2028 und nach einer statistischen Auswertung gel\u00f6scht.\u00a0<\/p><p><b>2. Cookies\u00a0<\/b><\/p><p>Ihr Browser speichert zudem so genannte Cookies. \u2028Dabei handelt es sich um Dateien, die ein Surfen im Internet benutzerfreundlicher gestalten sollen. \u2028Das Speichern von Cookies kann in den Einstellungen Ihres Browsers ausgeschaltet werden.\u00a0<\/p><p><b>3. Auskunft, Berichtigung, Sperrung und L\u00f6schung\u00a0<\/b><\/p><p>Personenbezogene Daten werden nur mit Ihrer Einwilligung zur Beantwortung von Anfragen, \u2028Abwicklung von Vertr\u00e4gen und der technischen Administration erhoben und f\u00fcr Dritte unzug\u00e4nglich gespeichert. \u2028Eine Weitergabe der Daten an Dritte erfolgt nur zum Zweck der Vertragsabwicklung bzw. bei Ihrer Einwilligung, \u2028welche jederzeit widerrufen werden kann. \u2028Eine Weitergabe oder ein Verkauf der personenbezogenen Daten findet nicht statt.\u00a0<\/p><p>Jederzeit kann von Ihnen Auskunft \u00fcber die gespeicherten Daten, den Zweck der Speicherung \u2028und deren Herkunft verlangt werden. \u2028Zus\u00e4tzlich besteht nach Ma\u00dfgabe der gesetzlichen Bestimmungen ein Recht auf Berichtigung, \u2028Sperrung und L\u00f6schung der personenbezogenen Daten. \u2028Eine entsprechende Anfrage bzw. ein Begehren nach Berichtigung, Sperrung oder L\u00f6schung \u2028der personenbezogenen Daten ist \u00fcber die auf der Webseite genannten Kontaktdaten m\u00f6glich.\u00a0<\/p><p><i>Quelle und weitere Informationen: just law . Rechtsanw\u00e4lte . G\u00f6ttingen\u00a0<\/i><\/p><p>\u00a0<\/p>\t\t\t\t\t\t\t\t<\/div>\n\t\t\t\t<\/div>\n\t\t\t\t\t<\/div>\n\t\t<\/div>\n\t\t\t\t\t<\/div>\n\t\t<\/section>\n\t\t\t\t\t<\/div>\n\t\t<\/div>\n\t\t\t\t\t<\/div>\n\t\t<\/section>\n\t\t\t\t<\/div>\n\t\t","protected":false},"excerpt":{"rendered":"<p>\u00d6FFNUNGSZEITEN Unser Hotel ist an allen Wochentagen ge\u00f6ffnet. Reservieren Sie unter +49 (0) 23 30 . 91 71 111 &amp; +49 (0) 173 . 4617769&nbsp;oderkontakt@koetterhof.de&nbsp; BETREIBER K\u00f6tterhof GmbH\u00a0. Wetterstr. 58\u00a0 . 58313 Herdecke . Deutschland \u2028+49 (0) 23 30 . 91 71 111 .\u00a0kontakt@koetterhof.de .\u00a0www.koetterhof.de\u00a0 Amtsgericht Hagen . HRB 11632 Steuer-Nr. 348\/5706\/4640 Gesch\u00e4ftsf\u00fchrer\u00a0\u00a0Ute Herminghaus . [&hellip;]<\/p>\n","protected":false},"author":1,"featured_media":0,"parent":0,"menu_order":24,"comment_status":"closed","ping_status":"closed","template":"elementor_header_footer","meta":{"_acf_changed":false,"footnotes":""},"class_list":["post-516","page","type-page","status-publish","hentry"],"acf":[],"_links":{"self":[{"href":"https:\/\/koetterhof.de\/de\/wp-json\/wp\/v2\/pages\/516","targetHints":{"allow":["GET"]}}],"collection":[{"href":"https:\/\/koetterhof.de\/de\/wp-json\/wp\/v2\/pages"}],"about":[{"href":"https:\/\/koetterhof.de\/de\/wp-json\/wp\/v2\/types\/page"}],"author":[{"embeddable":true,"href":"https:\/\/koetterhof.de\/de\/wp-json\/wp\/v2\/users\/1"}],"replies":[{"embeddable":true,"href":"https:\/\/koetterhof.de\/de\/wp-json\/wp\/v2\/comments?post=516"}],"version-history":[{"count":3,"href":"https:\/\/koetterhof.de\/de\/wp-json\/wp\/v2\/pages\/516\/revisions"}],"predecessor-version":[{"id":2696,"href":"https:\/\/koetterhof.de\/de\/wp-json\/wp\/v2\/pages\/516\/revisions\/2696"}],"wp:attachment":[{"href":"https:\/\/koetterhof.de\/de\/wp-json\/wp\/v2\/media?parent=516"}],"curies":[{"name":"wp","href":"https:\/\/api.w.org\/{rel}","templated":true}]}}