{"id":667,"date":"2020-06-17T10:35:44","date_gmt":"2020-06-17T08:35:44","guid":{"rendered":"https:\/\/khhd.preview.tammen.de\/?page_id=667"},"modified":"2026-02-01T10:04:09","modified_gmt":"2026-02-01T09:04:09","slug":"preisliste","status":"publish","type":"page","link":"https:\/\/koetterhof.de\/de\/hotel\/preisliste\/","title":{"rendered":"Preisliste"},"content":{"rendered":"\t\t<div data-elementor-type=\"wp-page\" data-elementor-id=\"667\" class=\"elementor elementor-667\" data-elementor-post-type=\"page\">\n\t\t\t\t\t\t<section class=\"elementor-section elementor-top-section elementor-element elementor-element-ff5eb66 elementor-section-height-min-height elementor-section-boxed elementor-section-height-default elementor-section-items-middle\" data-id=\"ff5eb66\" data-element_type=\"section\" data-e-type=\"section\" data-settings=\"{&quot;background_background&quot;:&quot;classic&quot;}\">\n\t\t\t\t\t\t<div class=\"elementor-container elementor-column-gap-default\">\n\t\t\t\t\t<div class=\"elementor-column elementor-col-100 elementor-top-column elementor-element elementor-element-383f4ea\" data-id=\"383f4ea\" data-element_type=\"column\" data-e-type=\"column\">\n\t\t\t<div class=\"elementor-widget-wrap\">\n\t\t\t\t\t\t\t<\/div>\n\t\t<\/div>\n\t\t\t\t\t<\/div>\n\t\t<\/section>\n\t\t\t\t<section class=\"elementor-section elementor-top-section elementor-element elementor-element-7cace6c elementor-section-boxed elementor-section-height-default elementor-section-height-default\" data-id=\"7cace6c\" data-element_type=\"section\" data-e-type=\"section\">\n\t\t\t\t\t\t<div class=\"elementor-container elementor-column-gap-default\">\n\t\t\t\t\t<div class=\"elementor-column elementor-col-100 elementor-top-column elementor-element elementor-element-7c4bcbc\" data-id=\"7c4bcbc\" data-element_type=\"column\" data-e-type=\"column\">\n\t\t\t<div class=\"elementor-widget-wrap elementor-element-populated\">\n\t\t\t\t\t\t<div class=\"elementor-element elementor-element-1c148b5 elementor-widget elementor-widget-spacer\" data-id=\"1c148b5\" data-element_type=\"widget\" data-e-type=\"widget\" data-widget_type=\"spacer.default\">\n\t\t\t\t<div class=\"elementor-widget-container\">\n\t\t\t\t\t\t\t<div class=\"elementor-spacer\">\n\t\t\t<div class=\"elementor-spacer-inner\"><\/div>\n\t\t<\/div>\n\t\t\t\t\t\t<\/div>\n\t\t\t\t<\/div>\n\t\t\t\t<div class=\"elementor-element elementor-element-a6c83c7 elementor-widget elementor-widget-heading\" data-id=\"a6c83c7\" data-element_type=\"widget\" data-e-type=\"widget\" data-widget_type=\"heading.default\">\n\t\t\t\t<div class=\"elementor-widget-container\">\n\t\t\t\t\t<h1 class=\"elementor-heading-title elementor-size-default\">Preise<\/h1>\t\t\t\t<\/div>\n\t\t\t\t<\/div>\n\t\t\t\t<div class=\"elementor-element elementor-element-0bba94b elementor-widget elementor-widget-global elementor-global-370 elementor-widget-image\" data-id=\"0bba94b\" data-element_type=\"widget\" data-e-type=\"widget\" data-widget_type=\"image.default\">\n\t\t\t\t<div class=\"elementor-widget-container\">\n\t\t\t\t\t\t\t\t\t\t\t\t\t\t\t<img decoding=\"async\" src=\"https:\/\/koetterhof.de\/wp-content\/uploads\/2020\/05\/strich_rot.svg\" class=\"attachment-full size-full wp-image-53\" alt=\"\" \/>\t\t\t\t\t\t\t\t\t\t\t\t\t\t\t<\/div>\n\t\t\t\t<\/div>\n\t\t\t\t\t<\/div>\n\t\t<\/div>\n\t\t\t\t\t<\/div>\n\t\t<\/section>\n\t\t\t\t<section class=\"elementor-section elementor-top-section elementor-element elementor-element-68d76c1 elementor-section-boxed elementor-section-height-default elementor-section-height-default\" data-id=\"68d76c1\" data-element_type=\"section\" data-e-type=\"section\">\n\t\t\t\t\t\t<div class=\"elementor-container elementor-column-gap-default\">\n\t\t\t\t\t<div class=\"elementor-column elementor-col-100 elementor-top-column elementor-element elementor-element-35ac2bc\" data-id=\"35ac2bc\" data-element_type=\"column\" data-e-type=\"column\">\n\t\t\t<div class=\"elementor-widget-wrap elementor-element-populated\">\n\t\t\t\t\t\t<div class=\"elementor-element elementor-element-7114441 elementor-widget elementor-widget-text-editor\" data-id=\"7114441\" data-element_type=\"widget\" data-e-type=\"widget\" data-widget_type=\"text-editor.default\">\n\t\t\t\t<div class=\"elementor-widget-container\">\n\t\t\t\t\t\t\t\t\t<table><tbody><tr><td colspan=\"4\"><h3>Erdgeschoss<\/h3><\/td><\/tr><tr><td><a href=\"https:\/\/koetterhof.de\/de\/hotel\/kammer-1\/\"><b>Kammer 1<\/b><\/a><\/td><td>2\u20134 Personen<\/td><td style=\"text-align: right;\">33,00 m\u00b2<\/td><td style=\"text-align: right;\">130,00 \u20ac \u2013 170,00 \u20ac*<\/td><\/tr><tr><td colspan=\"4\"><h3>Obergeschoss<\/h3><\/td><\/tr><tr><td><a href=\"https:\/\/koetterhof.de\/de\/hotel\/kammer-2\/\"><b>Kammer 2<\/b><\/a><\/td><td>1 Person<\/td><td style=\"text-align: right;\">14,00 m\u00b2<\/td><td style=\"text-align: right;\">95,00 \u20ac \u2013 110,00 \u20ac**<\/td><\/tr><tr><td><a href=\"https:\/\/koetterhof.de\/de\/hotel\/kammer-3\/\"><b>Kammer 3<\/b><\/a><\/td><td>1 Person<\/td><td style=\"text-align: right;\">22,00 m\u00b2<\/td><td style=\"text-align: right;\">105,00 \u2013 120,00 \u20ac**<\/td><\/tr><tr><td><a href=\"https:\/\/koetterhof.de\/de\/hotel\/kammer-4\/\"><b>Kammer 4<\/b><\/a><\/td><td>2\u20134 Personen<\/td><td style=\"text-align: right;\">33,00 m\u00b2<\/td><td style=\"text-align: right;\">130,00 \u20ac \u2013 170,00 \u20ac*<\/td><\/tr><tr><td colspan=\"4\"><h3>Dachgeschoss<\/h3><\/td><\/tr><tr><td><a href=\"https:\/\/koetterhof.de\/de\/hotel\/kammer-5\/\"><b>Kammer 5<\/b><\/a><\/td><td>1 Person<\/td><td style=\"text-align: right;\">13,00 m\u00b2<\/td><td style=\"text-align: right;\">95,00 \u20ac<\/td><\/tr><tr><td><a href=\"https:\/\/koetterhof.de\/de\/hotel\/kammer-6\/\"><b>Kammer 6<\/b><\/a><\/td><td>1 Person<\/td><td style=\"text-align: right;\">15,00 m\u00b2<\/td><td style=\"text-align: right;\">95,00 \u20ac<\/td><\/tr><tr><td><a href=\"https:\/\/koetterhof.de\/de\/hotel\/kammer-7\/\"><b>Kammer 7<\/b><\/a><\/td><td>1 Person<\/td><td style=\"text-align: right;\">16,00 m\u00b2<\/td><td style=\"text-align: right;\">95,00 \u20ac<\/td><\/tr><tr><td><a href=\"https:\/\/koetterhof.de\/de\/hotel\/kammer-8\/\"><b>Kammer 8<\/b><\/a><\/td><td>1 Person<\/td><td style=\"text-align: right;\">16,00 m\u00b2<\/td><td style=\"text-align: right;\">95,00 \u20ac<\/td><\/tr><\/tbody><\/table>\t\t\t\t\t\t\t\t<\/div>\n\t\t\t\t<\/div>\n\t\t\t\t\t<\/div>\n\t\t<\/div>\n\t\t\t\t\t<\/div>\n\t\t<\/section>\n\t\t\t\t<section class=\"elementor-section elementor-top-section elementor-element elementor-element-2472399 elementor-section-boxed elementor-section-height-default elementor-section-height-default\" data-id=\"2472399\" data-element_type=\"section\" data-e-type=\"section\">\n\t\t\t\t\t\t<div class=\"elementor-container elementor-column-gap-default\">\n\t\t\t\t\t<div class=\"elementor-column elementor-col-100 elementor-top-column elementor-element elementor-element-b0286be\" data-id=\"b0286be\" data-element_type=\"column\" data-e-type=\"column\">\n\t\t\t<div class=\"elementor-widget-wrap elementor-element-populated\">\n\t\t\t\t\t\t<div class=\"elementor-element elementor-element-b1f7b25 elementor-widget elementor-widget-text-editor\" data-id=\"b1f7b25\" data-element_type=\"widget\" data-e-type=\"widget\" data-widget_type=\"text-editor.default\">\n\t\t\t\t<div class=\"elementor-widget-container\">\n\t\t\t\t\t\t\t\t\t<p><em>Die Preise gelten pro Nacht pro Kammer und sind inklusive Kaffee und Tee in unserer Tenne.<\/em><br \/><em>* Kammer 1 und 4 abh\u00e4ngig von der Zahl der Personen und Buchungsdauer.<br \/>\u00a0 \u00a0 \u00a0 <span style=\"text-decoration: underline;\">Je Nacht:<\/span> 130,00 \u20ac bei Doppelbelegung.<br \/>\u00a0 \u00a0 \u00a0 Jede weitere Person 20,00 \u20ac (max. 4 Personen)<br \/><\/em><\/p><p><em>** Bei Doppelbelegung von Kammer 2 werden 110,00 \u20ac pro Nacht erhoben und bei Kammer 3 werden 120,00 \u20ac pro Nacht berechnet.<br \/><\/em><\/p><p><em style=\"font-size: 1rem;\">Bei l\u00e4ngerfristiger Vermietung\u00a0<\/em><em style=\"font-size: 1rem;\">bieten wir Wochen- oder Monatspauschalen an.<br \/>Sie haben auch die M\u00f6glichkeit das ganze Haus f\u00fcr 800 \u20ac\/Tag zu buchen.<\/em><\/p><p>Der Parkplatz befindet sich direkt am Hotel auf dem hoteleigenen Hof (kostenfrei).<\/p><p>Optional:<br \/>W\u00e4hlen Sie zus\u00e4tzlich zu unserem kostenfreien Angebot von Kaffee und Tee, aus unserem reichhaltigen Fr\u00fchst\u00fccksangebot.<br \/>\u2013&gt; Klicken Sie hier: <a href=\"https:\/\/koetterhof.de\/wp-content\/uploads\/2025\/07\/Koettehof_Fruestuecksliste_DE-EN_form.pdf\" target=\"_blank\" rel=\"noopener\">Fr\u00fchst\u00fccksliste<\/a><\/p><p>Radfahrer sind herzlich Willkommen. Eine Abstellm\u00f6glichkeit und E-Bike Lades\u00e4ule befindet sich in unserer Tiefgarage.<\/p><p>S\u00e4mtliche Preise in Euro.<\/p><p><em>Stand Januar 2026<\/em><\/p><p><b>Bitte beachten Sie:<\/b><br \/>Die Rezeption ist nicht dauerhaft besetzt.\u00a0<br \/><span style=\"font-size: 1rem;\">Bitte <\/span><span class=\"outlook-search-highlight\" style=\"font-size: 1rem;\" data-markjs=\"true\">kontakt<\/span><span style=\"font-size: 1rem;\">ieren Sie das <\/span><span class=\"outlook-search-highlight\" style=\"font-size: 1rem;\" data-markjs=\"true\">K\u00f6tterhof<\/span><span style=\"font-size: 1rem;\">-Team telefonisch [+49 (0) 2330 . <\/span><span lang=\"EN-US\" style=\"font-size: 1rem;\">9171111 &amp; <a href=\"tel:+491734617769\">+49 (0) 173 . 4617769<\/a>] <br \/>oder per Mail an <\/span><a style=\"background-color: #ffffff; font-size: 1rem;\" title=\"mailto:kontakt@koetterhof.de\" href=\"mailto:kontakt@koetterhof.de\"><span lang=\"EN-US\"><span class=\"outlook-search-highlight\" data-markjs=\"true\">kontakt<\/span>@koetterhof.de<\/span><\/a>.<\/p>\t\t\t\t\t\t\t\t<\/div>\n\t\t\t\t<\/div>\n\t\t\t\t<div class=\"elementor-element elementor-element-ca910d1 elementor-widget elementor-widget-image\" data-id=\"ca910d1\" data-element_type=\"widget\" data-e-type=\"widget\" data-widget_type=\"image.default\">\n\t\t\t\t<div class=\"elementor-widget-container\">\n\t\t\t\t\t\t\t\t\t\t\t\t\t\t\t<img decoding=\"async\" width=\"150\" height=\"47\" src=\"https:\/\/koetterhof.de\/wp-content\/uploads\/2025\/07\/BettBike-Logo_farbig_grosse-Darstellung_jpg-150x47.jpg\" class=\"attachment-thumbnail size-thumbnail wp-image-2888\" alt=\"\" srcset=\"https:\/\/koetterhof.de\/wp-content\/uploads\/2025\/07\/BettBike-Logo_farbig_grosse-Darstellung_jpg-150x47.jpg 150w, https:\/\/koetterhof.de\/wp-content\/uploads\/2025\/07\/BettBike-Logo_farbig_grosse-Darstellung_jpg-300x94.jpg 300w, https:\/\/koetterhof.de\/wp-content\/uploads\/2025\/07\/BettBike-Logo_farbig_grosse-Darstellung_jpg-1024x320.jpg 1024w, https:\/\/koetterhof.de\/wp-content\/uploads\/2025\/07\/BettBike-Logo_farbig_grosse-Darstellung_jpg-768x240.jpg 768w, https:\/\/koetterhof.de\/wp-content\/uploads\/2025\/07\/BettBike-Logo_farbig_grosse-Darstellung_jpg.jpg 1187w\" sizes=\"(max-width: 150px) 100vw, 150px\" \/>\t\t\t\t\t\t\t\t\t\t\t\t\t\t\t<\/div>\n\t\t\t\t<\/div>\n\t\t\t\t\t<\/div>\n\t\t<\/div>\n\t\t\t\t\t<\/div>\n\t\t<\/section>\n\t\t\t\t<section class=\"elementor-section elementor-top-section elementor-element elementor-element-37a0292 elementor-section-boxed elementor-section-height-default elementor-section-height-default\" data-id=\"37a0292\" data-element_type=\"section\" data-e-type=\"section\">\n\t\t\t\t\t\t<div class=\"elementor-container elementor-column-gap-default\">\n\t\t\t\t\t<div class=\"elementor-column elementor-col-100 elementor-top-column elementor-element elementor-element-8acd623\" data-id=\"8acd623\" data-element_type=\"column\" data-e-type=\"column\">\n\t\t\t<div class=\"elementor-widget-wrap elementor-element-populated\">\n\t\t\t\t\t\t<div class=\"elementor-element elementor-element-499c71e elementor-widget elementor-widget-spacer\" data-id=\"499c71e\" data-element_type=\"widget\" data-e-type=\"widget\" data-widget_type=\"spacer.default\">\n\t\t\t\t<div class=\"elementor-widget-container\">\n\t\t\t\t\t\t\t<div class=\"elementor-spacer\">\n\t\t\t<div class=\"elementor-spacer-inner\"><\/div>\n\t\t<\/div>\n\t\t\t\t\t\t<\/div>\n\t\t\t\t<\/div>\n\t\t\t\t<div class=\"elementor-element elementor-element-338fffe elementor-widget elementor-widget-image\" data-id=\"338fffe\" data-element_type=\"widget\" data-e-type=\"widget\" data-widget_type=\"image.default\">\n\t\t\t\t<div class=\"elementor-widget-container\">\n\t\t\t\t\t\t\t\t\t\t\t\t\t\t\t<img decoding=\"async\" src=\"https:\/\/koetterhof.de\/wp-content\/uploads\/2020\/05\/strich_rot.svg\" class=\"attachment-full size-full wp-image-53\" alt=\"\" \/>\t\t\t\t\t\t\t\t\t\t\t\t\t\t\t<\/div>\n\t\t\t\t<\/div>\n\t\t\t\t<div class=\"elementor-element elementor-element-5a03a64 elementor-grid-1 elementor-grid-tablet-1 elementor-posts--thumbnail-top elementor-grid-mobile-1 elementor-widget elementor-widget-posts\" data-id=\"5a03a64\" data-element_type=\"widget\" data-e-type=\"widget\" data-settings=\"{&quot;custom_columns&quot;:&quot;1&quot;,&quot;custom_columns_tablet&quot;:&quot;1&quot;,&quot;custom_columns_mobile&quot;:&quot;1&quot;,&quot;custom_row_gap&quot;:{&quot;unit&quot;:&quot;px&quot;,&quot;size&quot;:35,&quot;sizes&quot;:[]},&quot;custom_row_gap_tablet&quot;:{&quot;unit&quot;:&quot;px&quot;,&quot;size&quot;:&quot;&quot;,&quot;sizes&quot;:[]},&quot;custom_row_gap_mobile&quot;:{&quot;unit&quot;:&quot;px&quot;,&quot;size&quot;:&quot;&quot;,&quot;sizes&quot;:[]}}\" data-widget_type=\"posts.custom\">\n\t\t\t\t<div class=\"elementor-widget-container\">\n\t\t\t\t\t      <div class=\"ecs-posts elementor-posts-container elementor-posts   elementor-grid elementor-posts--skin-custom\" data-settings=\"{&quot;current_page&quot;:1,&quot;max_num_pages&quot;:0,&quot;load_method&quot;:&quot;&quot;,&quot;widget_id&quot;:&quot;5a03a64&quot;,&quot;post_id&quot;:667,&quot;theme_id&quot;:667,&quot;change_url&quot;:false,&quot;reinit_js&quot;:false}\">\n      <div class=\"elementor-posts-nothing-found\"><\/div>\t\t<\/div>\n\t\t\t\t\t\t<\/div>\n\t\t\t\t<\/div>\n\t\t\t\t\t<\/div>\n\t\t<\/div>\n\t\t\t\t\t<\/div>\n\t\t<\/section>\n\t\t\t\t<\/div>\n\t\t","protected":false},"excerpt":{"rendered":"<p>Preise Erdgeschoss Kammer 1 2\u20134 Personen 33,00 m\u00b2 130,00 \u20ac \u2013 170,00 \u20ac* Obergeschoss Kammer 2 1 Person 14,00 m\u00b2 95,00 \u20ac \u2013 110,00 \u20ac** Kammer 3 1 Person 22,00 m\u00b2 105,00 \u2013 120,00 \u20ac** Kammer 4 2\u20134 Personen 33,00 m\u00b2 130,00 \u20ac \u2013 170,00 \u20ac* Dachgeschoss Kammer 5 1 Person 13,00 m\u00b2 95,00 \u20ac [&hellip;]<\/p>\n","protected":false},"author":1,"featured_media":0,"parent":388,"menu_order":18,"comment_status":"closed","ping_status":"closed","template":"elementor_header_footer","meta":{"_acf_changed":false,"footnotes":""},"class_list":["post-667","page","type-page","status-publish","hentry"],"acf":[],"_links":{"self":[{"href":"https:\/\/koetterhof.de\/de\/wp-json\/wp\/v2\/pages\/667","targetHints":{"allow":["GET"]}}],"collection":[{"href":"https:\/\/koetterhof.de\/de\/wp-json\/wp\/v2\/pages"}],"about":[{"href":"https:\/\/koetterhof.de\/de\/wp-json\/wp\/v2\/types\/page"}],"author":[{"embeddable":true,"href":"https:\/\/koetterhof.de\/de\/wp-json\/wp\/v2\/users\/1"}],"replies":[{"embeddable":true,"href":"https:\/\/koetterhof.de\/de\/wp-json\/wp\/v2\/comments?post=667"}],"version-history":[{"count":24,"href":"https:\/\/koetterhof.de\/de\/wp-json\/wp\/v2\/pages\/667\/revisions"}],"predecessor-version":[{"id":2960,"href":"https:\/\/koetterhof.de\/de\/wp-json\/wp\/v2\/pages\/667\/revisions\/2960"}],"up":[{"embeddable":true,"href":"https:\/\/koetterhof.de\/de\/wp-json\/wp\/v2\/pages\/388"}],"wp:attachment":[{"href":"https:\/\/koetterhof.de\/de\/wp-json\/wp\/v2\/media?parent=667"}],"curies":[{"name":"wp","href":"https:\/\/api.w.org\/{rel}","templated":true}]}}