{"id":752,"date":"2020-06-17T15:53:33","date_gmt":"2020-06-17T13:53:33","guid":{"rendered":"https:\/\/khhd.preview.tammen.de\/?page_id=752"},"modified":"2020-06-24T17:01:37","modified_gmt":"2020-06-24T15:01:37","slug":"historie","status":"publish","type":"page","link":"https:\/\/koetterhof.de\/de\/historie\/","title":{"rendered":"Historie"},"content":{"rendered":"\t\t<div data-elementor-type=\"wp-page\" data-elementor-id=\"752\" class=\"elementor elementor-752\" data-elementor-post-type=\"page\">\n\t\t\t\t\t\t<section class=\"elementor-section elementor-top-section elementor-element elementor-element-66f9594 elementor-section-height-min-height elementor-section-boxed elementor-section-height-default elementor-section-items-middle\" data-id=\"66f9594\" data-element_type=\"section\" data-e-type=\"section\" data-settings=\"{&quot;background_background&quot;:&quot;classic&quot;}\">\n\t\t\t\t\t\t<div class=\"elementor-container elementor-column-gap-default\">\n\t\t\t\t\t<div class=\"elementor-column elementor-col-100 elementor-top-column elementor-element elementor-element-65c7649\" data-id=\"65c7649\" data-element_type=\"column\" data-e-type=\"column\">\n\t\t\t<div class=\"elementor-widget-wrap\">\n\t\t\t\t\t\t\t<\/div>\n\t\t<\/div>\n\t\t\t\t\t<\/div>\n\t\t<\/section>\n\t\t\t\t<section class=\"elementor-section elementor-top-section elementor-element elementor-element-c5f272a elementor-section-boxed elementor-section-height-default elementor-section-height-default\" data-id=\"c5f272a\" data-element_type=\"section\" data-e-type=\"section\">\n\t\t\t\t\t\t<div class=\"elementor-container elementor-column-gap-default\">\n\t\t\t\t\t<div class=\"elementor-column elementor-col-100 elementor-top-column elementor-element elementor-element-3b983fe\" data-id=\"3b983fe\" data-element_type=\"column\" data-e-type=\"column\">\n\t\t\t<div class=\"elementor-widget-wrap elementor-element-populated\">\n\t\t\t\t\t\t<div class=\"elementor-element elementor-element-9e33601 elementor-widget elementor-widget-spacer\" data-id=\"9e33601\" data-element_type=\"widget\" data-e-type=\"widget\" data-widget_type=\"spacer.default\">\n\t\t\t\t<div class=\"elementor-widget-container\">\n\t\t\t\t\t\t\t<div class=\"elementor-spacer\">\n\t\t\t<div class=\"elementor-spacer-inner\"><\/div>\n\t\t<\/div>\n\t\t\t\t\t\t<\/div>\n\t\t\t\t<\/div>\n\t\t\t\t<div class=\"elementor-element elementor-element-2f52f80 elementor-widget elementor-widget-heading\" data-id=\"2f52f80\" data-element_type=\"widget\" data-e-type=\"widget\" data-widget_type=\"heading.default\">\n\t\t\t\t<div class=\"elementor-widget-container\">\n\t\t\t\t\t<h1 class=\"elementor-heading-title elementor-size-default\">Historie<\/h1>\t\t\t\t<\/div>\n\t\t\t\t<\/div>\n\t\t\t\t<div class=\"elementor-element elementor-element-33196d6 elementor-widget elementor-widget-image\" data-id=\"33196d6\" data-element_type=\"widget\" data-e-type=\"widget\" data-widget_type=\"image.default\">\n\t\t\t\t<div class=\"elementor-widget-container\">\n\t\t\t\t\t\t\t\t\t\t\t\t\t\t\t<img decoding=\"async\" src=\"https:\/\/koetterhof.de\/wp-content\/uploads\/2020\/05\/strich_rot.svg\" class=\"attachment-full size-full wp-image-53\" alt=\"\" \/>\t\t\t\t\t\t\t\t\t\t\t\t\t\t\t<\/div>\n\t\t\t\t<\/div>\n\t\t\t\t\t<\/div>\n\t\t<\/div>\n\t\t\t\t\t<\/div>\n\t\t<\/section>\n\t\t\t\t<section class=\"elementor-section elementor-top-section elementor-element elementor-element-f36b85a elementor-section-boxed elementor-section-height-default elementor-section-height-default\" data-id=\"f36b85a\" data-element_type=\"section\" data-e-type=\"section\">\n\t\t\t\t\t\t<div class=\"elementor-container elementor-column-gap-default\">\n\t\t\t\t\t<div class=\"elementor-column elementor-col-100 elementor-top-column elementor-element elementor-element-feb7272\" data-id=\"feb7272\" data-element_type=\"column\" data-e-type=\"column\">\n\t\t\t<div class=\"elementor-widget-wrap elementor-element-populated\">\n\t\t\t\t\t\t<div class=\"elementor-element elementor-element-46b8186 elementor-widget elementor-widget-text-editor\" data-id=\"46b8186\" data-element_type=\"widget\" data-e-type=\"widget\" data-widget_type=\"text-editor.default\">\n\t\t\t\t<div class=\"elementor-widget-container\">\n\t\t\t\t\t\t\t\t\t<p style=\"text-align: center;\">Die Urspr\u00fcnge des K\u00f6tterhofes \u2013 er erhielt seinen Namen nach seinem Erbauer,&nbsp;<br><span style=\"font-size: 1rem;\">einem Mann namens K\u00f6tter \u2013 liegen im 17. Jahrhundert, ein zweiter Teil der Hofanlage <br>wurde im 18.Jahrhundert angebaut.&nbsp;<\/span><span style=\"font-size: 1rem;\">Einst diente das Geb\u00e4ude als Wohn- und Schlafst\u00e4tte <br>f\u00fcr Tagel\u00f6hner, die in der Landwirtschaft besch\u00e4ftigt waren. Ein dritter Bauab\u00adschnitt datiert<br>&nbsp;auf die 1950er Jahre. Damals wurde &#8211; dem Zeitgeist entsprechend &#8211; mit wenig Feingef\u00fchl <br>f\u00fcr die historische Substanz umgebaut.<\/span><\/p>\n<p style=\"text-align: center;\">Der K\u00f6tterhof wurde in den Jahren 2019\/2020 nach den Pl\u00e4nen des <br>Wittener Architekturb\u00fcros <em>Frie\u00adlinghaus<\/em> <em>Sch\u00fcren Architek\u00adten<\/em> und in enger Abstimmung&nbsp;<br><span style=\"font-size: 1rem;\">mit der Stadt Herdecke und der zust\u00e4ndigen Denkmalbeh\u00f6rde kernsaniert und in <br>ein G\u00e4stehaus mit acht Zimmern umgebaut &#8211; darunter zwei Appartements mit Pantry-K\u00fcche. <br>Das historische Fachwerkgeb\u00e4ude wurde dabei weitgehend rekonstruiert. <br>So wurde z. B. das Holzst\u00e4nderwerk nach historischem Vorbild mit Ziegeln ausgefacht, <br>die auf der Baustelle aus einer Lehm\/Stroh-Mischung gepresst wurden &#8211; <br>ein heutzutage sehr kostenintensives und zeitaufw\u00e4ndiges, <br>aber auch \u00f6kologisches Verfahren, das schon vor Jahrhunderten zum Einsatz kam.<\/span><\/p><p style=\"text-align: center;\"><br><\/p>\t\t\t\t\t\t\t\t<\/div>\n\t\t\t\t<\/div>\n\t\t\t\t\t<\/div>\n\t\t<\/div>\n\t\t\t\t\t<\/div>\n\t\t<\/section>\n\t\t\t\t<\/div>\n\t\t","protected":false},"excerpt":{"rendered":"<p>Die Urspr\u00fcnge des K\u00f6tterhofes \u2013 er erhielt seinen Namen nach seinem Erbauer,&nbsp;einem Mann namens K\u00f6tter \u2013 liegen im 17. Jahrhundert, ein zweiter Teil der Hofanlage wurde im 18.Jahrhundert angebaut.&nbsp;Einst diente das Geb\u00e4ude als Wohn- und Schlafst\u00e4tte f\u00fcr Tagel\u00f6hner, die in der Landwirtschaft besch\u00e4ftigt waren. Ein dritter Bauab\u00adschnitt datiert&nbsp;auf die 1950er Jahre. Damals wurde &#8211; dem [&hellip;]<\/p>\n","protected":false},"author":1,"featured_media":0,"parent":0,"menu_order":8,"comment_status":"closed","ping_status":"closed","template":"elementor_header_footer","meta":{"_acf_changed":false,"footnotes":""},"class_list":["post-752","page","type-page","status-publish","hentry"],"acf":[],"_links":{"self":[{"href":"https:\/\/koetterhof.de\/de\/wp-json\/wp\/v2\/pages\/752","targetHints":{"allow":["GET"]}}],"collection":[{"href":"https:\/\/koetterhof.de\/de\/wp-json\/wp\/v2\/pages"}],"about":[{"href":"https:\/\/koetterhof.de\/de\/wp-json\/wp\/v2\/types\/page"}],"author":[{"embeddable":true,"href":"https:\/\/koetterhof.de\/de\/wp-json\/wp\/v2\/users\/1"}],"replies":[{"embeddable":true,"href":"https:\/\/koetterhof.de\/de\/wp-json\/wp\/v2\/comments?post=752"}],"version-history":[{"count":0,"href":"https:\/\/koetterhof.de\/de\/wp-json\/wp\/v2\/pages\/752\/revisions"}],"wp:attachment":[{"href":"https:\/\/koetterhof.de\/de\/wp-json\/wp\/v2\/media?parent=752"}],"curies":[{"name":"wp","href":"https:\/\/api.w.org\/{rel}","templated":true}]}}